{"id":231668,"date":"2026-03-04T07:20:44","date_gmt":"2026-03-04T06:20:44","guid":{"rendered":"https:\/\/grupotextil.es\/producto\/ottawa-women\/"},"modified":"2026-04-19T04:07:07","modified_gmt":"2026-04-19T02:07:07","slug":"ottawa-women","status":"publish","type":"product","link":"https:\/\/grupotextil.es\/en\/product\/ottawa-women\/","title":{"rendered":"Ottawa Women"},"content":{"rendered":"<p>Sudadera deportiva con capucha en c\u00f3modo y el\u00e1stico poli\u00e9ster. Capucha con forro de malla y cord\u00f3n de ajuste. Bolsillos frontales con cremallera y bolsillos interiores. Bolsillos con soluci\u00f3n para auriculares.<\/p>\n<p><strong>Composici\u00f3n:<\/strong> 100% poli\u00e9ster | <strong>Peso:<\/strong> 215 g\/m2 (color 92, 95: 240 g\/m2) | <strong>Tallas:<\/strong> XS-3XL<\/p>","protected":false},"excerpt":{"rendered":"<p>Sudadera deportiva con capucha en c\u00f3modo y el\u00e1stico poli\u00e9ster. Capucha con forro de malla y cord\u00f3n de ajuste. Bolsillos frontales con cremallera y bolsillos interiores. Bolsillos con soluci\u00f3n para auriculares.<\/p>","protected":false},"featured_media":236912,"comment_status":"open","ping_status":"closed","template":"","meta":{"_acf_changed":false},"product_brand":[10446],"product_cat":[13980],"product_tag":[],"class_list":{"0":"post-231668","1":"product","2":"type-product","3":"status-publish","4":"has-post-thumbnail","6":"product_brand-clique","7":"product_cat-h-sudaderas","8":"tm-no-options","10":"first","11":"instock","12":"taxable","13":"shipping-taxable","14":"product-type-variable"},"acf":[],"_links":{"self":[{"href":"https:\/\/grupotextil.es\/en\/wp-json\/wp\/v2\/product\/231668","targetHints":{"allow":["GET"]}}],"collection":[{"href":"https:\/\/grupotextil.es\/en\/wp-json\/wp\/v2\/product"}],"about":[{"href":"https:\/\/grupotextil.es\/en\/wp-json\/wp\/v2\/types\/product"}],"replies":[{"embeddable":true,"href":"https:\/\/grupotextil.es\/en\/wp-json\/wp\/v2\/comments?post=231668"}],"wp:featuredmedia":[{"embeddable":true,"href":"https:\/\/grupotextil.es\/en\/wp-json\/wp\/v2\/media\/236912"}],"wp:attachment":[{"href":"https:\/\/grupotextil.es\/en\/wp-json\/wp\/v2\/media?parent=231668"}],"wp:term":[{"taxonomy":"product_brand","embeddable":true,"href":"https:\/\/grupotextil.es\/en\/wp-json\/wp\/v2\/product_brand?post=231668"},{"taxonomy":"product_cat","embeddable":true,"href":"https:\/\/grupotextil.es\/en\/wp-json\/wp\/v2\/product_cat?post=231668"},{"taxonomy":"product_tag","embeddable":true,"href":"https:\/\/grupotextil.es\/en\/wp-json\/wp\/v2\/product_tag?post=231668"}],"curies":[{"name":"wp","href":"https:\/\/api.w.org\/{rel}","templated":true}]}}