{"id":231675,"date":"2026-03-04T07:20:48","date_gmt":"2026-03-04T06:20:48","guid":{"rendered":"https:\/\/grupotextil.es\/producto\/yb57-king-knit-woman-contemporary\/"},"modified":"2026-04-19T04:07:07","modified_gmt":"2026-04-19T02:07:07","slug":"yb57-king-knit-woman-contemporary","status":"publish","type":"product","link":"https:\/\/grupotextil.es\/en\/product\/yb57-king-knit-woman-contemporary\/","title":{"rendered":"YB57 King Knit Woman Contemporary"},"content":{"rendered":"<p>La t\u00e9cnica King Knit confiere a esta camisa una textura agradable y una elasticidad natural. El tejido est\u00e1 tratado con Easy-Care y fabricado con una mezcla de materiales preferentes. La opci\u00f3n blanca es lisa, mientras que la textura es muy visible en las opciones azul cielo y verde. La longitud del cuerpo es 3 cm m\u00e1s corta.<\/p>\n<p><strong>Composici\u00f3n:<\/strong> 63% Algod\u00f3n org\u00e1nico, 37% RPET. King Knit, Easy Care | <strong>Peso:<\/strong> 146 g\/m\u00b2 | <strong>Tallas:<\/strong> XS-4XL<\/p>","protected":false},"excerpt":{"rendered":"<p>La t\u00e9cnica King Knit confiere a esta camisa una textura agradable y una elasticidad natural. El tejido est\u00e1 tratado con Easy-Care y fabricado con una mezcla de materiales preferentes. La opci\u00f3n blanca es lisa, mientras que la textura es muy visible e<\/p>","protected":false},"featured_media":236913,"comment_status":"open","ping_status":"closed","template":"","meta":{"_acf_changed":false},"product_brand":[10563],"product_cat":[13995],"product_tag":[],"class_list":{"0":"post-231675","1":"product","2":"type-product","3":"status-publish","4":"has-post-thumbnail","6":"product_brand-j-harvest-frost","7":"product_cat-n-camisetas","8":"tm-no-options","10":"first","11":"instock","12":"taxable","13":"shipping-taxable","14":"product-type-variable"},"acf":[],"_links":{"self":[{"href":"https:\/\/grupotextil.es\/en\/wp-json\/wp\/v2\/product\/231675","targetHints":{"allow":["GET"]}}],"collection":[{"href":"https:\/\/grupotextil.es\/en\/wp-json\/wp\/v2\/product"}],"about":[{"href":"https:\/\/grupotextil.es\/en\/wp-json\/wp\/v2\/types\/product"}],"replies":[{"embeddable":true,"href":"https:\/\/grupotextil.es\/en\/wp-json\/wp\/v2\/comments?post=231675"}],"wp:featuredmedia":[{"embeddable":true,"href":"https:\/\/grupotextil.es\/en\/wp-json\/wp\/v2\/media\/236913"}],"wp:attachment":[{"href":"https:\/\/grupotextil.es\/en\/wp-json\/wp\/v2\/media?parent=231675"}],"wp:term":[{"taxonomy":"product_brand","embeddable":true,"href":"https:\/\/grupotextil.es\/en\/wp-json\/wp\/v2\/product_brand?post=231675"},{"taxonomy":"product_cat","embeddable":true,"href":"https:\/\/grupotextil.es\/en\/wp-json\/wp\/v2\/product_cat?post=231675"},{"taxonomy":"product_tag","embeddable":true,"href":"https:\/\/grupotextil.es\/en\/wp-json\/wp\/v2\/product_tag?post=231675"}],"curies":[{"name":"wp","href":"https:\/\/api.w.org\/{rel}","templated":true}]}}