{"id":231706,"date":"2026-03-04T07:21:10","date_gmt":"2026-03-04T06:21:10","guid":{"rendered":"https:\/\/grupotextil.es\/producto\/2030-camiseta\/"},"modified":"2026-04-19T04:07:08","modified_gmt":"2026-04-19T02:07:08","slug":"2030-camiseta","status":"publish","type":"product","link":"https:\/\/grupotextil.es\/en\/product\/2030-camiseta\/","title":{"rendered":"2030 CAMISETA"},"content":{"rendered":"<p>Camiseta de poli\u00e9ster \u00abspun dyed\u00bb. Cuello y costura del hombro reforzados. El material funcional transporta r\u00e1pidamente la humedad lejos de la piel. Esto significa que la prenda se seca r\u00e1pidamente, manteni\u00e9ndote fresco y seco todo el d\u00eda. Resistente al encogimiento y a las arrugas.<\/p>\n<p><strong>Composici\u00f3n:<\/strong> 100% poli\u00e9ster, 135 g\/m2 | <strong>Peso:<\/strong> 135 g\/m2 | <strong>Tallas:<\/strong> XS-4XL<\/p>","protected":false},"excerpt":{"rendered":"<p>Camiseta de poli\u00e9ster \u00abspun dyed\u00bb. Cuello y costura del hombro reforzados. El material funcional transporta r\u00e1pidamente la humedad lejos de la piel. Esto significa que la prenda se seca r\u00e1pidamente, manteni\u00e9ndote fresco y seco todo el d\u00eda. Resistente<\/p>","protected":false},"featured_media":236918,"comment_status":"open","ping_status":"closed","template":"","meta":{"_acf_changed":false},"product_brand":[10531],"product_cat":[13990,13981,13974,13932,13930,13975,13935,13973],"product_tag":[],"class_list":{"0":"post-231706","1":"product","2":"type-product","3":"status-publish","4":"has-post-thumbnail","6":"product_brand-projob","7":"product_cat-m-chaquetas-y-abrigos","8":"product_cat-h-chaquetas-y-abrigos","9":"product_cat-ropa-hombre","10":"product_cat-hosteleria-horeca","11":"product_cat-laboral","12":"product_cat-ropa-mujer","13":"product_cat-pantalones-cocina","14":"product_cat-ropa","15":"tm-no-options","17":"first","18":"instock","19":"taxable","20":"shipping-taxable","21":"product-type-variable"},"acf":[],"_links":{"self":[{"href":"https:\/\/grupotextil.es\/en\/wp-json\/wp\/v2\/product\/231706","targetHints":{"allow":["GET"]}}],"collection":[{"href":"https:\/\/grupotextil.es\/en\/wp-json\/wp\/v2\/product"}],"about":[{"href":"https:\/\/grupotextil.es\/en\/wp-json\/wp\/v2\/types\/product"}],"replies":[{"embeddable":true,"href":"https:\/\/grupotextil.es\/en\/wp-json\/wp\/v2\/comments?post=231706"}],"wp:featuredmedia":[{"embeddable":true,"href":"https:\/\/grupotextil.es\/en\/wp-json\/wp\/v2\/media\/236918"}],"wp:attachment":[{"href":"https:\/\/grupotextil.es\/en\/wp-json\/wp\/v2\/media?parent=231706"}],"wp:term":[{"taxonomy":"product_brand","embeddable":true,"href":"https:\/\/grupotextil.es\/en\/wp-json\/wp\/v2\/product_brand?post=231706"},{"taxonomy":"product_cat","embeddable":true,"href":"https:\/\/grupotextil.es\/en\/wp-json\/wp\/v2\/product_cat?post=231706"},{"taxonomy":"product_tag","embeddable":true,"href":"https:\/\/grupotextil.es\/en\/wp-json\/wp\/v2\/product_tag?post=231706"}],"curies":[{"name":"wp","href":"https:\/\/api.w.org\/{rel}","templated":true}]}}