{"id":231877,"date":"2026-03-04T07:23:03","date_gmt":"2026-03-04T06:23:03","guid":{"rendered":"https:\/\/grupotextil.es\/producto\/5608-mono-100-algodon\/"},"modified":"2026-04-26T04:06:00","modified_gmt":"2026-04-26T02:06:00","slug":"5608-mono-100-algodon","status":"publish","type":"product","link":"https:\/\/grupotextil.es\/en\/product\/5608-mono-100-algodon\/","title":{"rendered":"5608 MONO 100% ALGOD\u00d3N"},"content":{"rendered":"<p>Mono con cremallera bidireccional en la parte delantera, cubierta con solapa. Bolsillos frontales con cierre de velcro a ambos lados. Bolsillos laterales profundos a ambos lados, tambi\u00e9n aberturas para acceder a los bolsillos de los pantalones debajo del mono. Bolsillos frontales a ambos lados para bol\u00edgrafos, papeles, etc. El bolsillo izquierdo tambi\u00e9n con gancho para sujetar la tarjeta de identificaci\u00f3n, se cierra con velcro. Bolsillos en pierna, en el lado izquierdo un amplio bolsillo con solapa y cierre de velcro y bolsillo interior para m\u00f3vil. En el lado derecho bolsillos para bol\u00edgrafos, papel y cinta m\u00e9trica. Bolsillos traseros con solapa y cierre de velcro. Cintura ajustable con cord\u00f3n interior y pu\u00f1os ajustables con velcro. Bolsillos internos para protectores de rodilla. La longitud de la pierna puede ampliarse 5 cm.<\/p>\n<p><strong>Composici\u00f3n:<\/strong> 100% Algod\u00f3n, 320 g\/m2 | <strong>Peso:<\/strong> 320 g\/m2 | <strong>Tallas:<\/strong> C44-C62<\/p>","protected":false},"excerpt":{"rendered":"<p>Mono con cremallera bidireccional en la parte delantera, cubierta con solapa. Bolsillos frontales con cierre de velcro a ambos lados. Bolsillos laterales profundos a ambos lados, tambi\u00e9n aberturas para acceder a los bolsillos de los pantalones debajo<\/p>","protected":false},"featured_media":236938,"comment_status":"open","ping_status":"closed","template":"","meta":{"_acf_changed":false},"product_brand":[10531],"product_cat":[15147],"product_tag":[],"class_list":{"0":"post-231877","1":"product","2":"type-product","3":"status-publish","4":"has-post-thumbnail","6":"product_brand-projob","7":"product_cat-new-wave","8":"tm-no-options","10":"first","11":"instock","12":"taxable","13":"shipping-taxable","14":"product-type-variable"},"acf":[],"_links":{"self":[{"href":"https:\/\/grupotextil.es\/en\/wp-json\/wp\/v2\/product\/231877","targetHints":{"allow":["GET"]}}],"collection":[{"href":"https:\/\/grupotextil.es\/en\/wp-json\/wp\/v2\/product"}],"about":[{"href":"https:\/\/grupotextil.es\/en\/wp-json\/wp\/v2\/types\/product"}],"replies":[{"embeddable":true,"href":"https:\/\/grupotextil.es\/en\/wp-json\/wp\/v2\/comments?post=231877"}],"wp:featuredmedia":[{"embeddable":true,"href":"https:\/\/grupotextil.es\/en\/wp-json\/wp\/v2\/media\/236938"}],"wp:attachment":[{"href":"https:\/\/grupotextil.es\/en\/wp-json\/wp\/v2\/media?parent=231877"}],"wp:term":[{"taxonomy":"product_brand","embeddable":true,"href":"https:\/\/grupotextil.es\/en\/wp-json\/wp\/v2\/product_brand?post=231877"},{"taxonomy":"product_cat","embeddable":true,"href":"https:\/\/grupotextil.es\/en\/wp-json\/wp\/v2\/product_cat?post=231877"},{"taxonomy":"product_tag","embeddable":true,"href":"https:\/\/grupotextil.es\/en\/wp-json\/wp\/v2\/product_tag?post=231877"}],"curies":[{"name":"wp","href":"https:\/\/api.w.org\/{rel}","templated":true}]}}