{"id":231891,"date":"2026-03-04T07:23:13","date_gmt":"2026-03-04T06:23:13","guid":{"rendered":"https:\/\/grupotextil.es\/producto\/hicksville-shirt-woman\/"},"modified":"2026-05-10T04:06:25","modified_gmt":"2026-05-10T02:06:25","slug":"hicksville-shirt-woman","status":"publish","type":"product","link":"https:\/\/grupotextil.es\/en\/product\/hicksville-shirt-woman\/","title":{"rendered":"Hicksville Shirt Woman"},"content":{"rendered":"<p>Camisa moderna confeccionada con tejido de punto waffle. Tejido compuesto por algod\u00f3n org\u00e1nico y poli\u00e9ster reciclado. Esta camisa cuenta con un cuello abotonado oculto y botones tono sobre tono para un look limpio. Disponible en corte contempor\u00e1neo.<\/p>\n<p><strong>Composici\u00f3n:<\/strong> 80% Algod\u00f3n org\u00e1nico, 20% Poli\u00e9ster reciclado | <strong>Tallas:<\/strong> XS-3XL<\/p>","protected":false},"excerpt":{"rendered":"<p>Camisa moderna confeccionada con tejido de punto waffle. Tejido compuesto por algod\u00f3n org\u00e1nico y poli\u00e9ster reciclado. Esta camisa cuenta con un cuello abotonado oculto y botones tono sobre tono para un look limpio. Disponible en corte contempor\u00e1neo.<\/p>","protected":false},"featured_media":236941,"comment_status":"open","ping_status":"closed","template":"","meta":{"_acf_changed":false},"product_brand":[10521],"product_cat":[15147],"product_tag":[],"class_list":{"0":"post-231891","1":"product","2":"type-product","3":"status-publish","4":"has-post-thumbnail","6":"product_brand-james-harvest","7":"product_cat-new-wave","8":"tm-no-options","10":"first","11":"instock","12":"taxable","13":"shipping-taxable","14":"product-type-variable"},"acf":[],"_links":{"self":[{"href":"https:\/\/grupotextil.es\/en\/wp-json\/wp\/v2\/product\/231891","targetHints":{"allow":["GET"]}}],"collection":[{"href":"https:\/\/grupotextil.es\/en\/wp-json\/wp\/v2\/product"}],"about":[{"href":"https:\/\/grupotextil.es\/en\/wp-json\/wp\/v2\/types\/product"}],"replies":[{"embeddable":true,"href":"https:\/\/grupotextil.es\/en\/wp-json\/wp\/v2\/comments?post=231891"}],"wp:featuredmedia":[{"embeddable":true,"href":"https:\/\/grupotextil.es\/en\/wp-json\/wp\/v2\/media\/236941"}],"wp:attachment":[{"href":"https:\/\/grupotextil.es\/en\/wp-json\/wp\/v2\/media?parent=231891"}],"wp:term":[{"taxonomy":"product_brand","embeddable":true,"href":"https:\/\/grupotextil.es\/en\/wp-json\/wp\/v2\/product_brand?post=231891"},{"taxonomy":"product_cat","embeddable":true,"href":"https:\/\/grupotextil.es\/en\/wp-json\/wp\/v2\/product_cat?post=231891"},{"taxonomy":"product_tag","embeddable":true,"href":"https:\/\/grupotextil.es\/en\/wp-json\/wp\/v2\/product_tag?post=231891"}],"curies":[{"name":"wp","href":"https:\/\/api.w.org\/{rel}","templated":true}]}}