{"id":231981,"date":"2026-03-04T07:24:11","date_gmt":"2026-03-04T06:24:11","guid":{"rendered":"https:\/\/grupotextil.es\/producto\/freehold\/"},"modified":"2026-04-19T04:07:09","modified_gmt":"2026-04-19T02:07:09","slug":"freehold","status":"publish","type":"product","link":"https:\/\/grupotextil.es\/en\/product\/freehold\/","title":{"rendered":"Freehold"},"content":{"rendered":"<p>Descubre la m\u00e1xima comodidad y un estilo atemporal con nuestro pantal\u00f3n chino Freehold, confeccionado con un 97% de algod\u00f3n org\u00e1nico y un 3% de elastano para una calidad el\u00e1stica impecable y un ajuste moderno. La cintura tiene un bot\u00f3n a presi\u00f3n oculto, cierre de corchete, cord\u00f3n de ajuste y el\u00e1sticos laterales para mayor comodidad. Con dos bolsillos delanteros y dos traseros, este chino ofrece tanto estilo como funcionalidad.  Con una amplia gama de tallas disponibles, un total de 24 tallas diferentes, hay un ajuste perfecto para todos.<\/p>\n<p>Embolsado en bolsa compostable de base biol\u00f3gica.<\/p>\n<p><strong>Composici\u00f3n:<\/strong> 97% Algod\u00f3n Org\u00e1nico, 3% Elastano | <strong>Peso:<\/strong> 230 g\/m\u00b2 | <strong>Tallas:<\/strong> 2932-4036<\/p>","protected":false},"excerpt":{"rendered":"<p>Descubre la m\u00e1xima comodidad y un estilo atemporal con nuestro pantal\u00f3n chino Freehold, confeccionado con un 97% de algod\u00f3n org\u00e1nico y un 3% de elastano para una calidad el\u00e1stica impecable y un ajuste moderno. La cintura tiene un bot\u00f3n a presi\u00f3n ocul<\/p>","protected":false},"featured_media":236954,"comment_status":"open","ping_status":"closed","template":"","meta":{"_acf_changed":false},"product_brand":[10521],"product_cat":[13983],"product_tag":[],"class_list":{"0":"post-231981","1":"product","2":"type-product","3":"status-publish","4":"has-post-thumbnail","6":"product_brand-james-harvest","7":"product_cat-h-pantalones","8":"tm-no-options","10":"first","11":"instock","12":"taxable","13":"shipping-taxable","14":"product-type-variable"},"acf":[],"_links":{"self":[{"href":"https:\/\/grupotextil.es\/en\/wp-json\/wp\/v2\/product\/231981","targetHints":{"allow":["GET"]}}],"collection":[{"href":"https:\/\/grupotextil.es\/en\/wp-json\/wp\/v2\/product"}],"about":[{"href":"https:\/\/grupotextil.es\/en\/wp-json\/wp\/v2\/types\/product"}],"replies":[{"embeddable":true,"href":"https:\/\/grupotextil.es\/en\/wp-json\/wp\/v2\/comments?post=231981"}],"wp:featuredmedia":[{"embeddable":true,"href":"https:\/\/grupotextil.es\/en\/wp-json\/wp\/v2\/media\/236954"}],"wp:attachment":[{"href":"https:\/\/grupotextil.es\/en\/wp-json\/wp\/v2\/media?parent=231981"}],"wp:term":[{"taxonomy":"product_brand","embeddable":true,"href":"https:\/\/grupotextil.es\/en\/wp-json\/wp\/v2\/product_brand?post=231981"},{"taxonomy":"product_cat","embeddable":true,"href":"https:\/\/grupotextil.es\/en\/wp-json\/wp\/v2\/product_cat?post=231981"},{"taxonomy":"product_tag","embeddable":true,"href":"https:\/\/grupotextil.es\/en\/wp-json\/wp\/v2\/product_tag?post=231981"}],"curies":[{"name":"wp","href":"https:\/\/api.w.org\/{rel}","templated":true}]}}