{"id":231985,"date":"2026-03-04T07:24:13","date_gmt":"2026-03-04T06:24:13","guid":{"rendered":"https:\/\/grupotextil.es\/producto\/upton-shirt-woman\/"},"modified":"2026-04-19T04:07:09","modified_gmt":"2026-04-19T02:07:09","slug":"upton-shirt-woman","status":"publish","type":"product","link":"https:\/\/grupotextil.es\/en\/product\/upton-shirt-woman\/","title":{"rendered":"Upton Shirt Woman"},"content":{"rendered":"<p>Camisa de punto jersey confeccionada con tejido ligero.  Gracias a la mezcla de algod\u00f3n org\u00e1nico y elastano, la camisa es muy el\u00e1stica, lo que la hace muy c\u00f3moda de llevar. Camisa con cuello abotonado oculto para un look limpio. Combina tu camisa Upton con un traje para un look elegante o con nuestros vaqueros o chinos para un look m\u00e1s informal. Disponible en corte contempor\u00e1neo.<\/p>\n<p><strong>Composici\u00f3n:<\/strong> 90% Algod\u00f3n org\u00e1nico, 10% Elastano | <strong>Peso:<\/strong> 170 g\/m\u00b2 | <strong>Tallas:<\/strong> S-5XL<\/p>","protected":false},"excerpt":{"rendered":"<p>Camisa de punto jersey confeccionada con tejido ligero.  Gracias a la mezcla de algod\u00f3n org\u00e1nico y elastano, la camisa es muy el\u00e1stica, lo que la hace muy c\u00f3moda de llevar. Camisa con cuello abotonado oculto para un look limpio. Combina tu camisa Upt<\/p>","protected":false},"featured_media":236955,"comment_status":"open","ping_status":"closed","template":"","meta":{"_acf_changed":false},"product_brand":[10521],"product_cat":[15147],"product_tag":[],"class_list":{"0":"post-231985","1":"product","2":"type-product","3":"status-publish","4":"has-post-thumbnail","6":"product_brand-james-harvest","7":"product_cat-new-wave","8":"tm-no-options","10":"first","11":"instock","12":"taxable","13":"shipping-taxable","14":"product-type-variable"},"acf":[],"_links":{"self":[{"href":"https:\/\/grupotextil.es\/en\/wp-json\/wp\/v2\/product\/231985","targetHints":{"allow":["GET"]}}],"collection":[{"href":"https:\/\/grupotextil.es\/en\/wp-json\/wp\/v2\/product"}],"about":[{"href":"https:\/\/grupotextil.es\/en\/wp-json\/wp\/v2\/types\/product"}],"replies":[{"embeddable":true,"href":"https:\/\/grupotextil.es\/en\/wp-json\/wp\/v2\/comments?post=231985"}],"wp:featuredmedia":[{"embeddable":true,"href":"https:\/\/grupotextil.es\/en\/wp-json\/wp\/v2\/media\/236955"}],"wp:attachment":[{"href":"https:\/\/grupotextil.es\/en\/wp-json\/wp\/v2\/media?parent=231985"}],"wp:term":[{"taxonomy":"product_brand","embeddable":true,"href":"https:\/\/grupotextil.es\/en\/wp-json\/wp\/v2\/product_brand?post=231985"},{"taxonomy":"product_cat","embeddable":true,"href":"https:\/\/grupotextil.es\/en\/wp-json\/wp\/v2\/product_cat?post=231985"},{"taxonomy":"product_tag","embeddable":true,"href":"https:\/\/grupotextil.es\/en\/wp-json\/wp\/v2\/product_tag?post=231985"}],"curies":[{"name":"wp","href":"https:\/\/api.w.org\/{rel}","templated":true}]}}