{"id":232003,"date":"2026-03-04T07:24:26","date_gmt":"2026-03-04T06:24:26","guid":{"rendered":"https:\/\/grupotextil.es\/producto\/atlantis\/"},"modified":"2026-04-19T04:07:09","modified_gmt":"2026-04-19T02:07:09","slug":"atlantis","status":"publish","type":"product","link":"https:\/\/grupotextil.es\/en\/product\/atlantis\/","title":{"rendered":"Atlantis"},"content":{"rendered":"<p>Con una calidad el\u00e1stica y un corte moderno, los vaqueros Atlantis proporcionan facilidad de movimiento para llevarlos durante todo el d\u00eda. Con dos bolsillos delanteros y dos traseros, combinan funcionalidad y moda. Confeccionados con una mezcla de 59,50% de algod\u00f3n reciclado preconsumo, 22% de poli\u00e9ster reciclado, 16% de algod\u00f3n reciclado postconsumo y 2,5% de elastano, estos vaqueros ofrecen comodidad y conciencia ecol\u00f3gica.  Disponibles en una amplia gama de tallas, un total de 24, hay un ajuste perfecto para todos.<\/p>\n<p>Embolsado en bolsa compostable de base biol\u00f3gica.<\/p>\n<p><strong>Composici\u00f3n:<\/strong> 59,5% Pre Consumo Algod\u00f3n Reciclado, 22% Poli\u00e9ster Reciclado, 16% Post Consumo Algod\u00f3n Reciclado, 2,5% Elastano | <strong>Peso:<\/strong> 400 g\/m\u00b2 | <strong>Tallas:<\/strong> 2932-4036<\/p>","protected":false},"excerpt":{"rendered":"<p>Con una calidad el\u00e1stica y un corte moderno, los vaqueros Atlantis proporcionan facilidad de movimiento para llevarlos durante todo el d\u00eda. Con dos bolsillos delanteros y dos traseros, combinan funcionalidad y moda. Confeccionados con una mezcla de 5<\/p>","protected":false},"featured_media":236958,"comment_status":"open","ping_status":"closed","template":"","meta":{"_acf_changed":false},"product_brand":[10521],"product_cat":[13983],"product_tag":[],"class_list":{"0":"post-232003","1":"product","2":"type-product","3":"status-publish","4":"has-post-thumbnail","6":"product_brand-james-harvest","7":"product_cat-h-pantalones","8":"tm-no-options","10":"first","11":"instock","12":"taxable","13":"shipping-taxable","14":"product-type-variable"},"acf":[],"_links":{"self":[{"href":"https:\/\/grupotextil.es\/en\/wp-json\/wp\/v2\/product\/232003","targetHints":{"allow":["GET"]}}],"collection":[{"href":"https:\/\/grupotextil.es\/en\/wp-json\/wp\/v2\/product"}],"about":[{"href":"https:\/\/grupotextil.es\/en\/wp-json\/wp\/v2\/types\/product"}],"replies":[{"embeddable":true,"href":"https:\/\/grupotextil.es\/en\/wp-json\/wp\/v2\/comments?post=232003"}],"wp:featuredmedia":[{"embeddable":true,"href":"https:\/\/grupotextil.es\/en\/wp-json\/wp\/v2\/media\/236958"}],"wp:attachment":[{"href":"https:\/\/grupotextil.es\/en\/wp-json\/wp\/v2\/media?parent=232003"}],"wp:term":[{"taxonomy":"product_brand","embeddable":true,"href":"https:\/\/grupotextil.es\/en\/wp-json\/wp\/v2\/product_brand?post=232003"},{"taxonomy":"product_cat","embeddable":true,"href":"https:\/\/grupotextil.es\/en\/wp-json\/wp\/v2\/product_cat?post=232003"},{"taxonomy":"product_tag","embeddable":true,"href":"https:\/\/grupotextil.es\/en\/wp-json\/wp\/v2\/product_tag?post=232003"}],"curies":[{"name":"wp","href":"https:\/\/api.w.org\/{rel}","templated":true}]}}