{"id":232065,"date":"2026-03-04T07:25:09","date_gmt":"2026-03-04T06:25:09","guid":{"rendered":"https:\/\/grupotextil.es\/producto\/gb02-twill-stretch-woman-contemporary\/"},"modified":"2026-04-19T04:07:09","modified_gmt":"2026-04-19T02:07:09","slug":"gb02-twill-stretch-woman-contemporary","status":"publish","type":"product","link":"https:\/\/grupotextil.es\/en\/product\/gb02-twill-stretch-woman-contemporary\/","title":{"rendered":"GB02 Twill Stretch Woman Contemporary"},"content":{"rendered":"<p>No hay nada mejor que el aspecto impecable de una camisa de vestir lisa. Esta camisa tambi\u00e9n tiene caracter\u00edsticas que la hacen destacar entre las dem\u00e1s, como la rara combinaci\u00f3n de no planchado y efecto el\u00e1stico. La textura de sarga de alto rendimiento tambi\u00e9n le da el brillo perfecto a la camisa y un tacto agradable. Tiene un canes\u00fa dividido en la espalda y un cuello suave con botones ocultos.<\/p>\n<p><strong>Composici\u00f3n:<\/strong> 80% Algod\u00f3n 16% Lyocell 4% Elastano | <strong>Peso:<\/strong> 126 g\/m\u00b2 | <strong>Tallas:<\/strong> XS-4XL<\/p>","protected":false},"excerpt":{"rendered":"<p>No hay nada mejor que el aspecto impecable de una camisa de vestir lisa. Esta camisa tambi\u00e9n tiene caracter\u00edsticas que la hacen destacar entre las dem\u00e1s, como la rara combinaci\u00f3n de no planchado y efecto el\u00e1stico. La textura de sarga de alto rendimie<\/p>","protected":false},"featured_media":236966,"comment_status":"open","ping_status":"closed","template":"","meta":{"_acf_changed":false},"product_brand":[10563],"product_cat":[13995],"product_tag":[],"class_list":{"0":"post-232065","1":"product","2":"type-product","3":"status-publish","4":"has-post-thumbnail","6":"product_brand-j-harvest-frost","7":"product_cat-n-camisetas","8":"tm-no-options","10":"first","11":"instock","12":"taxable","13":"shipping-taxable","14":"product-type-variable"},"acf":[],"_links":{"self":[{"href":"https:\/\/grupotextil.es\/en\/wp-json\/wp\/v2\/product\/232065","targetHints":{"allow":["GET"]}}],"collection":[{"href":"https:\/\/grupotextil.es\/en\/wp-json\/wp\/v2\/product"}],"about":[{"href":"https:\/\/grupotextil.es\/en\/wp-json\/wp\/v2\/types\/product"}],"replies":[{"embeddable":true,"href":"https:\/\/grupotextil.es\/en\/wp-json\/wp\/v2\/comments?post=232065"}],"wp:featuredmedia":[{"embeddable":true,"href":"https:\/\/grupotextil.es\/en\/wp-json\/wp\/v2\/media\/236966"}],"wp:attachment":[{"href":"https:\/\/grupotextil.es\/en\/wp-json\/wp\/v2\/media?parent=232065"}],"wp:term":[{"taxonomy":"product_brand","embeddable":true,"href":"https:\/\/grupotextil.es\/en\/wp-json\/wp\/v2\/product_brand?post=232065"},{"taxonomy":"product_cat","embeddable":true,"href":"https:\/\/grupotextil.es\/en\/wp-json\/wp\/v2\/product_cat?post=232065"},{"taxonomy":"product_tag","embeddable":true,"href":"https:\/\/grupotextil.es\/en\/wp-json\/wp\/v2\/product_tag?post=232065"}],"curies":[{"name":"wp","href":"https:\/\/api.w.org\/{rel}","templated":true}]}}