{"id":232351,"date":"2026-03-04T07:28:16","date_gmt":"2026-03-04T06:28:16","guid":{"rendered":"https:\/\/grupotextil.es\/producto\/6431-chaqueta-impermeable-hv-clase-3-2\/"},"modified":"2026-04-19T04:07:11","modified_gmt":"2026-04-19T02:07:11","slug":"6431-chaqueta-impermeable-hv-clase-3-2","status":"publish","type":"product","link":"https:\/\/grupotextil.es\/en\/product\/6431-chaqueta-impermeable-hv-clase-3-2\/","title":{"rendered":"6431 CHAQUETA IMPERMEABLE HV CLASE 3\/2"},"content":{"rendered":"<p>Chaqueta impermeable con costuras selladas. Capucha extra\u00edble y ajustable con botones a presi\u00f3n. Pu\u00f1os ajustables con botones a presi\u00f3n. Bolsillos laterales con solapa y relleno polar.<\/p>\n<p><strong>Composici\u00f3n:<\/strong> 100% PU. Tejido 2:100 % poli\u00e9ster, 170 g\/m2 | <strong>Peso:<\/strong> 170 g\/m\u00b2 | <strong>Tallas:<\/strong> XS-4XL<\/p>","protected":false},"excerpt":{"rendered":"<p>Chaqueta impermeable con costuras selladas. Capucha extra\u00edble y ajustable con botones a presi\u00f3n. Pu\u00f1os ajustables con botones a presi\u00f3n. Bolsillos laterales con solapa y relleno polar.<\/p>","protected":false},"featured_media":237019,"comment_status":"open","ping_status":"closed","template":"","meta":{"_acf_changed":false},"product_brand":[10531],"product_cat":[13998],"product_tag":[],"class_list":{"0":"post-232351","1":"product","2":"type-product","3":"status-publish","4":"has-post-thumbnail","6":"product_brand-projob","7":"product_cat-n-chaquetas","8":"tm-no-options","10":"first","11":"instock","12":"taxable","13":"shipping-taxable","14":"product-type-variable"},"acf":[],"_links":{"self":[{"href":"https:\/\/grupotextil.es\/en\/wp-json\/wp\/v2\/product\/232351","targetHints":{"allow":["GET"]}}],"collection":[{"href":"https:\/\/grupotextil.es\/en\/wp-json\/wp\/v2\/product"}],"about":[{"href":"https:\/\/grupotextil.es\/en\/wp-json\/wp\/v2\/types\/product"}],"replies":[{"embeddable":true,"href":"https:\/\/grupotextil.es\/en\/wp-json\/wp\/v2\/comments?post=232351"}],"wp:featuredmedia":[{"embeddable":true,"href":"https:\/\/grupotextil.es\/en\/wp-json\/wp\/v2\/media\/237019"}],"wp:attachment":[{"href":"https:\/\/grupotextil.es\/en\/wp-json\/wp\/v2\/media?parent=232351"}],"wp:term":[{"taxonomy":"product_brand","embeddable":true,"href":"https:\/\/grupotextil.es\/en\/wp-json\/wp\/v2\/product_brand?post=232351"},{"taxonomy":"product_cat","embeddable":true,"href":"https:\/\/grupotextil.es\/en\/wp-json\/wp\/v2\/product_cat?post=232351"},{"taxonomy":"product_tag","embeddable":true,"href":"https:\/\/grupotextil.es\/en\/wp-json\/wp\/v2\/product_tag?post=232351"}],"curies":[{"name":"wp","href":"https:\/\/api.w.org\/{rel}","templated":true}]}}