{"id":232419,"date":"2026-03-04T07:28:59","date_gmt":"2026-03-04T06:28:59","guid":{"rendered":"https:\/\/grupotextil.es\/producto\/2509-pantalon-elastico-reflectantes\/"},"modified":"2026-04-19T04:07:12","modified_gmt":"2026-04-19T02:07:12","slug":"2509-pantalon-elastico-reflectantes","status":"publish","type":"product","link":"https:\/\/grupotextil.es\/en\/product\/2509-pantalon-elastico-reflectantes\/","title":{"rendered":"2509 PANTAL\u00d3N EL\u00c1STICO, REFLECTANTES"},"content":{"rendered":"<p>Pantal\u00f3n de cintura totalmente el\u00e1stico que proporciona la m\u00e1xima libertad de movimiento y comodidad. Corte moderno. Dos bandas reflectantes a cada lado de 5 cm. Bolsillos de pierna a ambos lados con cierre de cremallera, bolsillos para tel\u00e9fono a ambos lados con cierre de velcro. Bolsillo para metro plegable en el lado derecho. Bolsillos traseros internos. Rodillas precurvadas. Bolsillos para protectores de rodilla, ajustables en dos niveles altos, con apertura desde el exterior. Trabilla m\u00e1s ancha en la espalda para evitar la presi\u00f3n del cintur\u00f3n. D ring en la parte delantera. Fijaci\u00f3n oculta para bolsillos portafunda (ref. art\u00edculo 9042). Bot\u00f3n oculto en la parte delantera.<\/p>\n<p><strong>Composici\u00f3n:<\/strong> 1: 65% poli\u00e9ster, 32% algod\u00f3n, 3% elast\u00e1n Material 2: 90% poliamida, 10% elast\u00e1n | <strong>Tallas:<\/strong> C44-D120<\/p>","protected":false},"excerpt":{"rendered":"<p>Pantal\u00f3n de cintura totalmente el\u00e1stico que proporciona la m\u00e1xima libertad de movimiento y comodidad. Corte moderno. Dos bandas reflectantes a cada lado de 5 cm. Bolsillos de pierna a ambos lados con cierre de cremallera, bolsillos para tel\u00e9fono a am<\/p>","protected":false},"featured_media":237031,"comment_status":"open","ping_status":"closed","template":"","meta":{"_acf_changed":false},"product_brand":[10531],"product_cat":[13983],"product_tag":[],"class_list":{"0":"post-232419","1":"product","2":"type-product","3":"status-publish","4":"has-post-thumbnail","6":"product_brand-projob","7":"product_cat-h-pantalones","8":"tm-no-options","10":"first","11":"instock","12":"taxable","13":"shipping-taxable","14":"product-type-variable"},"acf":[],"_links":{"self":[{"href":"https:\/\/grupotextil.es\/en\/wp-json\/wp\/v2\/product\/232419","targetHints":{"allow":["GET"]}}],"collection":[{"href":"https:\/\/grupotextil.es\/en\/wp-json\/wp\/v2\/product"}],"about":[{"href":"https:\/\/grupotextil.es\/en\/wp-json\/wp\/v2\/types\/product"}],"replies":[{"embeddable":true,"href":"https:\/\/grupotextil.es\/en\/wp-json\/wp\/v2\/comments?post=232419"}],"wp:featuredmedia":[{"embeddable":true,"href":"https:\/\/grupotextil.es\/en\/wp-json\/wp\/v2\/media\/237031"}],"wp:attachment":[{"href":"https:\/\/grupotextil.es\/en\/wp-json\/wp\/v2\/media?parent=232419"}],"wp:term":[{"taxonomy":"product_brand","embeddable":true,"href":"https:\/\/grupotextil.es\/en\/wp-json\/wp\/v2\/product_brand?post=232419"},{"taxonomy":"product_cat","embeddable":true,"href":"https:\/\/grupotextil.es\/en\/wp-json\/wp\/v2\/product_cat?post=232419"},{"taxonomy":"product_tag","embeddable":true,"href":"https:\/\/grupotextil.es\/en\/wp-json\/wp\/v2\/product_tag?post=232419"}],"curies":[{"name":"wp","href":"https:\/\/api.w.org\/{rel}","templated":true}]}}