{"id":232432,"date":"2026-03-04T07:29:10","date_gmt":"2026-03-04T06:29:10","guid":{"rendered":"https:\/\/grupotextil.es\/producto\/6560-pantalon-en-iso-20471-clase-1\/"},"modified":"2026-04-26T04:06:03","modified_gmt":"2026-04-26T02:06:03","slug":"6560-pantalon-en-iso-20471-clase-1","status":"publish","type":"product","link":"https:\/\/grupotextil.es\/en\/product\/6560-pantalon-en-iso-20471-clase-1\/","title":{"rendered":"6560 PANTAL\u00d3N EN ISO 20471 CLASE 1"},"content":{"rendered":"<p>Pantal\u00f3n de algod\u00f3n resistente con tejido el\u00e1stico Cordura\u00ae en parte trasera y entrepierna para proporcionar una mayor libertad de movimientos. Bolsillos tipo funda con compartimentos adicionales y refuerzo interno de Cordura\u00ae; si se desea, se pueden quitar los bolsillos tipo funda descosiendo la costura de contraste de la parte trasera. Amplios bolsillos en ambos lados de la pierna. Bolsillo en la pierna izquierda para herramientas y bol\u00edgrafos, bolsillo para m\u00f3vil con cierre magn\u00e9tico y gancho para sujetar la tarjeta de identificaci\u00f3n. En el lado derecho bolsillo para cinta m\u00e9trica y bolsillo con bot\u00f3n para herramientas. Rodillas precurvadas. Bolsillos internos para protectores de rodilla, ajustables a dos niveles de altura.<\/p>\n<p><strong>Composici\u00f3n:<\/strong> 1: 100% algod\u00f3n 2: 60% algod\u00f3n, 40% poli\u00e9ster reciclado 3: 90% poliamida, 10% elast\u00e1n | <strong>Tallas:<\/strong> C44-D112<\/p>","protected":false},"excerpt":{"rendered":"<p>Pantal\u00f3n de algod\u00f3n resistente con tejido el\u00e1stico Cordura\u00ae en parte trasera y entrepierna para proporcionar una mayor libertad de movimientos. Bolsillos tipo funda con compartimentos adicionales y refuerzo interno de Cordura\u00ae; si se desea, se pueden<\/p>","protected":false},"featured_media":237034,"comment_status":"open","ping_status":"closed","template":"","meta":{"_acf_changed":false},"product_brand":[10531],"product_cat":[13983],"product_tag":[],"class_list":{"0":"post-232432","1":"product","2":"type-product","3":"status-publish","4":"has-post-thumbnail","6":"product_brand-projob","7":"product_cat-h-pantalones","8":"tm-no-options","10":"first","11":"instock","12":"taxable","13":"shipping-taxable","14":"product-type-variable"},"acf":[],"_links":{"self":[{"href":"https:\/\/grupotextil.es\/en\/wp-json\/wp\/v2\/product\/232432","targetHints":{"allow":["GET"]}}],"collection":[{"href":"https:\/\/grupotextil.es\/en\/wp-json\/wp\/v2\/product"}],"about":[{"href":"https:\/\/grupotextil.es\/en\/wp-json\/wp\/v2\/types\/product"}],"replies":[{"embeddable":true,"href":"https:\/\/grupotextil.es\/en\/wp-json\/wp\/v2\/comments?post=232432"}],"wp:featuredmedia":[{"embeddable":true,"href":"https:\/\/grupotextil.es\/en\/wp-json\/wp\/v2\/media\/237034"}],"wp:attachment":[{"href":"https:\/\/grupotextil.es\/en\/wp-json\/wp\/v2\/media?parent=232432"}],"wp:term":[{"taxonomy":"product_brand","embeddable":true,"href":"https:\/\/grupotextil.es\/en\/wp-json\/wp\/v2\/product_brand?post=232432"},{"taxonomy":"product_cat","embeddable":true,"href":"https:\/\/grupotextil.es\/en\/wp-json\/wp\/v2\/product_cat?post=232432"},{"taxonomy":"product_tag","embeddable":true,"href":"https:\/\/grupotextil.es\/en\/wp-json\/wp\/v2\/product_tag?post=232432"}],"curies":[{"name":"wp","href":"https:\/\/api.w.org\/{rel}","templated":true}]}}