{"id":232459,"date":"2026-03-04T07:29:27","date_gmt":"2026-03-04T06:29:27","guid":{"rendered":"https:\/\/grupotextil.es\/producto\/miami-cardigan\/"},"modified":"2026-04-26T04:06:03","modified_gmt":"2026-04-26T02:06:03","slug":"miami-cardigan","status":"publish","type":"product","link":"https:\/\/grupotextil.es\/en\/product\/miami-cardigan\/","title":{"rendered":"Miami Cardigan"},"content":{"rendered":"<p>C\u00e1rdigan unisex con cremallera entera confeccionado en mezcla de algod\u00f3n y poli\u00e9ster reciclado. Cuenta con cuello m\u00e1s alto para mayor comodidad, cremallera SBS con acabado metalizado y dos bolsillos frontales con cremallera. El interior est\u00e1 cepillado y el ribete el\u00e1stico 2&#215;2 tiene doble costura en el bajo de las mangas y el dobladillo. Incluye cinta reforzada en el cuello, una presilla para colgar y etiqueta f\u00e1cil de quitar. El tejido suave y estabilizado est\u00e1 dise\u00f1ado para lavados intensos y tiene propiedades anti-pilling.<\/p>\n<p><strong>Composici\u00f3n:<\/strong> 80% algod\u00f3n \/ 20% poli\u00e9ster reciclado | <strong>Peso:<\/strong> 260 g\/m2 | <strong>Tallas:<\/strong> XS-4XL<\/p>","protected":false},"excerpt":{"rendered":"<p>C\u00e1rdigan unisex con cremallera entera confeccionado en mezcla de algod\u00f3n y poli\u00e9ster reciclado. Cuenta con cuello m\u00e1s alto para mayor comodidad, cremallera SBS con acabado metalizado y dos bolsillos frontales con cremallera. El interior est\u00e1 cepillad<\/p>","protected":false},"featured_media":237039,"comment_status":"open","ping_status":"closed","template":"","meta":{"_acf_changed":false},"product_brand":[10446],"product_cat":[15137,13980],"product_tag":[],"class_list":{"0":"post-232459","1":"product","2":"type-product","3":"status-publish","4":"has-post-thumbnail","6":"product_brand-clique","7":"product_cat-hombre-unisex-mujer","8":"product_cat-h-sudaderas","9":"tm-no-options","11":"first","12":"instock","13":"taxable","14":"shipping-taxable","15":"product-type-variable"},"acf":[],"_links":{"self":[{"href":"https:\/\/grupotextil.es\/en\/wp-json\/wp\/v2\/product\/232459","targetHints":{"allow":["GET"]}}],"collection":[{"href":"https:\/\/grupotextil.es\/en\/wp-json\/wp\/v2\/product"}],"about":[{"href":"https:\/\/grupotextil.es\/en\/wp-json\/wp\/v2\/types\/product"}],"replies":[{"embeddable":true,"href":"https:\/\/grupotextil.es\/en\/wp-json\/wp\/v2\/comments?post=232459"}],"wp:featuredmedia":[{"embeddable":true,"href":"https:\/\/grupotextil.es\/en\/wp-json\/wp\/v2\/media\/237039"}],"wp:attachment":[{"href":"https:\/\/grupotextil.es\/en\/wp-json\/wp\/v2\/media?parent=232459"}],"wp:term":[{"taxonomy":"product_brand","embeddable":true,"href":"https:\/\/grupotextil.es\/en\/wp-json\/wp\/v2\/product_brand?post=232459"},{"taxonomy":"product_cat","embeddable":true,"href":"https:\/\/grupotextil.es\/en\/wp-json\/wp\/v2\/product_cat?post=232459"},{"taxonomy":"product_tag","embeddable":true,"href":"https:\/\/grupotextil.es\/en\/wp-json\/wp\/v2\/product_tag?post=232459"}],"curies":[{"name":"wp","href":"https:\/\/api.w.org\/{rel}","templated":true}]}}