{"id":232568,"date":"2026-03-04T07:30:43","date_gmt":"2026-03-04T06:30:43","guid":{"rendered":"https:\/\/grupotextil.es\/producto\/flow-mn-ls-m\/"},"modified":"2026-04-26T04:06:04","modified_gmt":"2026-04-26T02:06:04","slug":"flow-mn-ls-m","status":"publish","type":"product","link":"https:\/\/grupotextil.es\/en\/product\/flow-mn-ls-m\/","title":{"rendered":"Flow MN LS M"},"content":{"rendered":"<p>Flow MN LS es una camiseta suave y funcional que destaca tanto como camiseta interior o como prenda independiente para correr, entrenar, practicar marcha r\u00e1pida y actividades f\u00edsicas similares.<\/p>\n<p>Esta camiseta multiusos de manga larga est\u00e1 confeccionada con una mezcla funcional de poli\u00e9ster reciclado y elastano, con una superficie sutilmente peinada para un tacto suave. La camiseta tambi\u00e9n presenta un corte ligeramente m\u00e1s relajado que las tradicionales camisetas interiores b\u00e1sicas ajustadas, lo que aumenta su versatilidad y adaptabilidad. Ll\u00e9vala sola o como capa bajo una chaqueta o camiseta de media capa para un mayor aislamiento en condiciones m\u00e1s fr\u00edas.<\/p>\n<p>\u2022 Tejido ligero y el\u00e1stico confeccionado con poli\u00e9ster reciclado (88\u00a0%) y elastano<\/p>\n<p>\u2022 Cuello mao<\/p>\n<p>\u2022 Ajuste regular<\/p>\n<p><strong>Composici\u00f3n:<\/strong> 88% Poli\u00e9ster reciclado, 12% Elastano | <strong>Tallas:<\/strong> XS-XXL<\/p>","protected":false},"excerpt":{"rendered":"<p>Flow MN LS es una camiseta suave y funcional que destaca tanto como camiseta interior o como prenda independiente para correr, entrenar, practicar marcha r\u00e1pida y actividades f\u00edsicas similares.<\/p>","protected":false},"featured_media":237055,"comment_status":"open","ping_status":"closed","template":"","meta":{"_acf_changed":false},"product_brand":[10489],"product_cat":[13986,13977,13990,13981,13974,13932,13930,13975,13935,13973],"product_tag":[],"class_list":{"0":"post-232568","1":"product","2":"type-product","3":"status-publish","4":"has-post-thumbnail","6":"product_brand-craft","7":"product_cat-m-camisetas-manga-corta","8":"product_cat-h-camisetas-manga-corta","9":"product_cat-m-chaquetas-y-abrigos","10":"product_cat-h-chaquetas-y-abrigos","11":"product_cat-ropa-hombre","12":"product_cat-hosteleria-horeca","13":"product_cat-laboral","14":"product_cat-ropa-mujer","15":"product_cat-pantalones-cocina","16":"product_cat-ropa","17":"tm-no-options","19":"first","20":"instock","21":"taxable","22":"shipping-taxable","23":"product-type-variable"},"acf":[],"_links":{"self":[{"href":"https:\/\/grupotextil.es\/en\/wp-json\/wp\/v2\/product\/232568","targetHints":{"allow":["GET"]}}],"collection":[{"href":"https:\/\/grupotextil.es\/en\/wp-json\/wp\/v2\/product"}],"about":[{"href":"https:\/\/grupotextil.es\/en\/wp-json\/wp\/v2\/types\/product"}],"replies":[{"embeddable":true,"href":"https:\/\/grupotextil.es\/en\/wp-json\/wp\/v2\/comments?post=232568"}],"wp:featuredmedia":[{"embeddable":true,"href":"https:\/\/grupotextil.es\/en\/wp-json\/wp\/v2\/media\/237055"}],"wp:attachment":[{"href":"https:\/\/grupotextil.es\/en\/wp-json\/wp\/v2\/media?parent=232568"}],"wp:term":[{"taxonomy":"product_brand","embeddable":true,"href":"https:\/\/grupotextil.es\/en\/wp-json\/wp\/v2\/product_brand?post=232568"},{"taxonomy":"product_cat","embeddable":true,"href":"https:\/\/grupotextil.es\/en\/wp-json\/wp\/v2\/product_cat?post=232568"},{"taxonomy":"product_tag","embeddable":true,"href":"https:\/\/grupotextil.es\/en\/wp-json\/wp\/v2\/product_tag?post=232568"}],"curies":[{"name":"wp","href":"https:\/\/api.w.org\/{rel}","templated":true}]}}