{"id":232604,"date":"2026-03-04T07:31:08","date_gmt":"2026-03-04T06:31:08","guid":{"rendered":"https:\/\/grupotextil.es\/producto\/7600-peto7600-peto-9910-vis\/"},"modified":"2026-05-03T04:06:57","modified_gmt":"2026-05-03T02:06:57","slug":"7600-peto7600-peto-9910-vis","status":"publish","type":"product","link":"https:\/\/grupotextil.es\/en\/product\/7600-peto7600-peto-9910-vis\/","title":{"rendered":"7600 PETO\n7600 PETO 9910-VIS"},"content":{"rendered":"<p>Peto con tirantes el\u00e1sticos ajustables con hebillas en la parte delantera. Bolsillos laterales abiertos y bolsillos traseros, el izquierdo con solapa y cierre magn\u00e9tico. Bolsillos en el pecho para documentos, bol\u00edgrafos, etc. Tambi\u00e9n un bolsillo con cierre de velcro. Bolsillos en pierna, en el lado izquierdo bolsillo con solapa y cierre magn\u00e9tico, bolsillo interior para m\u00f3vil y soporte para tarjeta de identificaci\u00f3n. En el lado derecho bolsillo para cinta m\u00e9trica y bolsillo para herramientas con bot\u00f3n para navaja. Bolsillos de protecci\u00f3n en las rodillas, apertura desde el exterior con cremallera. Rodillas precurvadas, tejido el\u00e1stico en la entrepierna y banda el\u00e1stica cosida ajustable en la cintura para mayor comodidad. Refuerzo de Cordura\u00ae en el bolsillo de la cinta m\u00e9trica, bolsillos traseros y sobre las rodillas para una mayor durabilidad.<\/p>\n<p>Probado para lavado industrial seg\u00fan ISO 15797<\/p>\n<p>Mayor visibilidad EN 17353<\/p>\n<p>Se suministra en una bolsa compostable de base biol\u00f3gica<\/p>\n<p><strong>Composici\u00f3n:<\/strong> 63% poli\u00e9ster reciclado, 35% algod\u00f3n org\u00e1nico, 2% spandex &#8211; 245 g\/m2 Tejido 2: 100% nylon reciclado Cordura\u00ae Tejido 3: 90% poliamida reciclada, 10% spandex | <strong>Tallas:<\/strong> C44-D120<\/p>","protected":false},"excerpt":{"rendered":"<p>Peto con tirantes el\u00e1sticos ajustables con hebillas en la parte delantera. Bolsillos laterales abiertos y bolsillos traseros, el izquierdo con solapa y cierre magn\u00e9tico. Bolsillos en el pecho para documentos, bol\u00edgrafos, etc. Tambi\u00e9n un bolsillo con<\/p>","protected":false},"featured_media":237062,"comment_status":"open","ping_status":"closed","template":"","meta":{"_acf_changed":false},"product_brand":[10531],"product_cat":[13983],"product_tag":[],"class_list":{"0":"post-232604","1":"product","2":"type-product","3":"status-publish","4":"has-post-thumbnail","6":"product_brand-projob","7":"product_cat-h-pantalones","8":"tm-no-options","10":"first","11":"instock","12":"taxable","13":"shipping-taxable","14":"product-type-variable"},"acf":[],"_links":{"self":[{"href":"https:\/\/grupotextil.es\/en\/wp-json\/wp\/v2\/product\/232604","targetHints":{"allow":["GET"]}}],"collection":[{"href":"https:\/\/grupotextil.es\/en\/wp-json\/wp\/v2\/product"}],"about":[{"href":"https:\/\/grupotextil.es\/en\/wp-json\/wp\/v2\/types\/product"}],"replies":[{"embeddable":true,"href":"https:\/\/grupotextil.es\/en\/wp-json\/wp\/v2\/comments?post=232604"}],"wp:featuredmedia":[{"embeddable":true,"href":"https:\/\/grupotextil.es\/en\/wp-json\/wp\/v2\/media\/237062"}],"wp:attachment":[{"href":"https:\/\/grupotextil.es\/en\/wp-json\/wp\/v2\/media?parent=232604"}],"wp:term":[{"taxonomy":"product_brand","embeddable":true,"href":"https:\/\/grupotextil.es\/en\/wp-json\/wp\/v2\/product_brand?post=232604"},{"taxonomy":"product_cat","embeddable":true,"href":"https:\/\/grupotextil.es\/en\/wp-json\/wp\/v2\/product_cat?post=232604"},{"taxonomy":"product_tag","embeddable":true,"href":"https:\/\/grupotextil.es\/en\/wp-json\/wp\/v2\/product_tag?post=232604"}],"curies":[{"name":"wp","href":"https:\/\/api.w.org\/{rel}","templated":true}]}}