{"id":232699,"date":"2026-03-04T07:32:11","date_gmt":"2026-03-04T06:32:11","guid":{"rendered":"https:\/\/grupotextil.es\/producto\/7105-sudadera-mujer7105-sudadera-mujer-9910-vis\/"},"modified":"2026-04-19T04:07:13","modified_gmt":"2026-04-19T02:07:13","slug":"7105-sudadera-mujer7105-sudadera-mujer-9910-vis","status":"publish","type":"product","link":"https:\/\/grupotextil.es\/en\/product\/7105-sudadera-mujer7105-sudadera-mujer-9910-vis\/","title":{"rendered":"7105 SUDADERA MUJER\n7105 SUDADERA MUJER 9910-VIS"},"content":{"rendered":"<p>Sudadera con cremallera completa en la parte delantera. Interior afelpado para una sensaci\u00f3n agradable y suave. Bolsillos a ambos lados con cierre de cremallera. Cinta de contraste en el cuello. Canal\u00e9 2&#215;2 en los pu\u00f1os y en la parte inferior de la sudadera. Bolsillo para chip de lavander\u00eda en la costura lateral izquierda interior.<\/p>\n<p>Probada para lavado industrial seg\u00fan ISO 15797<\/p>\n<p>Mayor visibilidad EN 17353<\/p>\n<p>Certificado Oeko-Tex 100<\/p>\n<p>Se entrega en una bolsa compostable de base biol\u00f3gica<\/p>\n<p><strong>Composici\u00f3n:<\/strong> 60% algod\u00f3n org\u00e1nico, 40% poli\u00e9ster reciclado &#8211; 280 g\/m2 | <strong>Peso:<\/strong> 280 g\/m\u00b2 | <strong>Tallas:<\/strong> XS-3XL<\/p>","protected":false},"excerpt":{"rendered":"<p>Sudadera con cremallera completa en la parte delantera. Interior afelpado para una sensaci\u00f3n agradable y suave. Bolsillos a ambos lados con cierre de cremallera. Cinta de contraste en el cuello. Canal\u00e9 2&#215;2 en los pu\u00f1os y en la parte inferior de la su<\/p>","protected":false},"featured_media":237079,"comment_status":"open","ping_status":"closed","template":"","meta":{"_acf_changed":false},"product_brand":[10531],"product_cat":[15147],"product_tag":[],"class_list":{"0":"post-232699","1":"product","2":"type-product","3":"status-publish","4":"has-post-thumbnail","6":"product_brand-projob","7":"product_cat-new-wave","8":"tm-no-options","10":"first","11":"instock","12":"taxable","13":"shipping-taxable","14":"product-type-variable"},"acf":[],"_links":{"self":[{"href":"https:\/\/grupotextil.es\/en\/wp-json\/wp\/v2\/product\/232699","targetHints":{"allow":["GET"]}}],"collection":[{"href":"https:\/\/grupotextil.es\/en\/wp-json\/wp\/v2\/product"}],"about":[{"href":"https:\/\/grupotextil.es\/en\/wp-json\/wp\/v2\/types\/product"}],"replies":[{"embeddable":true,"href":"https:\/\/grupotextil.es\/en\/wp-json\/wp\/v2\/comments?post=232699"}],"wp:featuredmedia":[{"embeddable":true,"href":"https:\/\/grupotextil.es\/en\/wp-json\/wp\/v2\/media\/237079"}],"wp:attachment":[{"href":"https:\/\/grupotextil.es\/en\/wp-json\/wp\/v2\/media?parent=232699"}],"wp:term":[{"taxonomy":"product_brand","embeddable":true,"href":"https:\/\/grupotextil.es\/en\/wp-json\/wp\/v2\/product_brand?post=232699"},{"taxonomy":"product_cat","embeddable":true,"href":"https:\/\/grupotextil.es\/en\/wp-json\/wp\/v2\/product_cat?post=232699"},{"taxonomy":"product_tag","embeddable":true,"href":"https:\/\/grupotextil.es\/en\/wp-json\/wp\/v2\/product_tag?post=232699"}],"curies":[{"name":"wp","href":"https:\/\/api.w.org\/{rel}","templated":true}]}}