{"id":232716,"date":"2026-03-04T07:32:23","date_gmt":"2026-03-04T06:32:23","guid":{"rendered":"https:\/\/grupotextil.es\/producto\/explore-padded-pants-w\/"},"modified":"2026-04-19T04:07:13","modified_gmt":"2026-04-19T02:07:13","slug":"explore-padded-pants-w","status":"publish","type":"product","link":"https:\/\/grupotextil.es\/en\/product\/explore-padded-pants-w\/","title":{"rendered":"Explore Padded Pants W"},"content":{"rendered":"<p>Los pantalones acolchados Explore son unos pantalones c\u00e1lidos, cortaviento e hidr\u00f3fugos que ofrecen un excelente aislamiento y comodidad para las actividades al aire libre m\u00e1s duras.<\/p>\n<p>Con un aislamiento PrimaLoft de alto rendimiento y un tejido exterior repelente al agua, estos pantalones altamente funcionales ofrecen una calidez y una protecci\u00f3n excepcionales en condiciones de fr\u00edo y nieve. Equipados con ajuste de cintura de velcro, tirantes desmontables, dos bolsillos con cremallera y terminaciones ajustables en las perneras, garantizan un gran ajuste y una excelente versatilidad. Adem\u00e1s, las polainas de nieve con pinzas de silicona proporcionan una barrera adicional contra la nieve, lo que convierte a estos pantalones en una opci\u00f3n excepcional para actividades intensas en el paisaje invernal.<\/p>\n<p>\u2022 Tejido exterior cortaviento e hidr\u00f3fugo con acabado WR (WP 8.000\/MVP 8.000)<\/p>\n<p>\u2022 Aislamiento PrimaLoft fabricado con poli\u00e9ster 100\u00a0% reciclado<\/p>\n<p>\u2022 Tirantes desmontables<\/p>\n<p>\u2022 Polainas de nieve con pinzas de silicona<\/p>\n<p>\u2022 Refuerzo en la parte inferior de la pierna<\/p>\n<p>\u2022 Ajustable en la parte inferior<\/p>\n<p>\u2022 Cremallera lateral en la parte inferior para facilitar el acceso a las botas de esqu\u00ed<\/p>\n<p>\u2022 Ajuste regular<\/p>\n<p><strong>Composici\u00f3n:<\/strong> Body 55% Poli\u00e9ster, 45% Poli\u00e9ster reciclado, Padding 100% Poli\u00e9ster reciclado, Lining 100% Poli\u00e9ster reciclado | <strong>Tallas:<\/strong> XS-XXL<\/p>","protected":false},"excerpt":{"rendered":"<p>Los pantalones acolchados Explore son unos pantalones c\u00e1lidos, cortaviento e hidr\u00f3fugos que ofrecen un excelente aislamiento y comodidad para las actividades al aire libre m\u00e1s duras.<\/p>","protected":false},"featured_media":237081,"comment_status":"open","ping_status":"closed","template":"","meta":{"_acf_changed":false},"product_brand":[10489],"product_cat":[13983],"product_tag":[],"class_list":{"0":"post-232716","1":"product","2":"type-product","3":"status-publish","4":"has-post-thumbnail","6":"product_brand-craft","7":"product_cat-h-pantalones","8":"tm-no-options","10":"first","11":"instock","12":"taxable","13":"shipping-taxable","14":"product-type-variable"},"acf":[],"_links":{"self":[{"href":"https:\/\/grupotextil.es\/en\/wp-json\/wp\/v2\/product\/232716","targetHints":{"allow":["GET"]}}],"collection":[{"href":"https:\/\/grupotextil.es\/en\/wp-json\/wp\/v2\/product"}],"about":[{"href":"https:\/\/grupotextil.es\/en\/wp-json\/wp\/v2\/types\/product"}],"replies":[{"embeddable":true,"href":"https:\/\/grupotextil.es\/en\/wp-json\/wp\/v2\/comments?post=232716"}],"wp:featuredmedia":[{"embeddable":true,"href":"https:\/\/grupotextil.es\/en\/wp-json\/wp\/v2\/media\/237081"}],"wp:attachment":[{"href":"https:\/\/grupotextil.es\/en\/wp-json\/wp\/v2\/media?parent=232716"}],"wp:term":[{"taxonomy":"product_brand","embeddable":true,"href":"https:\/\/grupotextil.es\/en\/wp-json\/wp\/v2\/product_brand?post=232716"},{"taxonomy":"product_cat","embeddable":true,"href":"https:\/\/grupotextil.es\/en\/wp-json\/wp\/v2\/product_cat?post=232716"},{"taxonomy":"product_tag","embeddable":true,"href":"https:\/\/grupotextil.es\/en\/wp-json\/wp\/v2\/product_tag?post=232716"}],"curies":[{"name":"wp","href":"https:\/\/api.w.org\/{rel}","templated":true}]}}