{"id":232739,"date":"2026-03-04T07:32:38","date_gmt":"2026-03-04T06:32:38","guid":{"rendered":"https:\/\/grupotextil.es\/producto\/6466-chaqueta-impermeable-clase-3\/"},"modified":"2026-04-19T04:07:13","modified_gmt":"2026-04-19T02:07:13","slug":"6466-chaqueta-impermeable-clase-3","status":"publish","type":"product","link":"https:\/\/grupotextil.es\/en\/product\/6466-chaqueta-impermeable-clase-3\/","title":{"rendered":"6466 CHAQUETA IMPERMEABLE CLASE 3"},"content":{"rendered":"<p>Chaqueta cortaviento e impermeable con buena transpirabilidad y costuras selladas. Cuello con capucha desmontable insertada. Bolsillo en el pecho con bolsillo para m\u00f3vil y soluci\u00f3n para manos libres. Espalda alargada. Cintura y pu\u00f1os ajustables. El forro se puede abrir para facilitar la impresi\u00f3n y el bordado.<\/p>\n<p><strong>Composici\u00f3n:<\/strong> 100% poli\u00e9ster. Forro: 100% poli\u00e9ster, 200 g\/m2 | <strong>Peso:<\/strong> 195 g\/m\u00b2 | <strong>Tallas:<\/strong> XS-3XL<\/p>","protected":false},"excerpt":{"rendered":"<p>Chaqueta cortaviento e impermeable con buena transpirabilidad y costuras selladas. Cuello con capucha desmontable insertada. Bolsillo en el pecho con bolsillo para m\u00f3vil y soluci\u00f3n para manos libres. Espalda alargada. Cintura y pu\u00f1os ajustables. El f<\/p>","protected":false},"featured_media":237087,"comment_status":"open","ping_status":"closed","template":"","meta":{"_acf_changed":false},"product_brand":[10531],"product_cat":[13998],"product_tag":[],"class_list":{"0":"post-232739","1":"product","2":"type-product","3":"status-publish","4":"has-post-thumbnail","6":"product_brand-projob","7":"product_cat-n-chaquetas","8":"tm-no-options","10":"first","11":"instock","12":"taxable","13":"shipping-taxable","14":"product-type-variable"},"acf":[],"_links":{"self":[{"href":"https:\/\/grupotextil.es\/en\/wp-json\/wp\/v2\/product\/232739","targetHints":{"allow":["GET"]}}],"collection":[{"href":"https:\/\/grupotextil.es\/en\/wp-json\/wp\/v2\/product"}],"about":[{"href":"https:\/\/grupotextil.es\/en\/wp-json\/wp\/v2\/types\/product"}],"replies":[{"embeddable":true,"href":"https:\/\/grupotextil.es\/en\/wp-json\/wp\/v2\/comments?post=232739"}],"wp:featuredmedia":[{"embeddable":true,"href":"https:\/\/grupotextil.es\/en\/wp-json\/wp\/v2\/media\/237087"}],"wp:attachment":[{"href":"https:\/\/grupotextil.es\/en\/wp-json\/wp\/v2\/media?parent=232739"}],"wp:term":[{"taxonomy":"product_brand","embeddable":true,"href":"https:\/\/grupotextil.es\/en\/wp-json\/wp\/v2\/product_brand?post=232739"},{"taxonomy":"product_cat","embeddable":true,"href":"https:\/\/grupotextil.es\/en\/wp-json\/wp\/v2\/product_cat?post=232739"},{"taxonomy":"product_tag","embeddable":true,"href":"https:\/\/grupotextil.es\/en\/wp-json\/wp\/v2\/product_tag?post=232739"}],"curies":[{"name":"wp","href":"https:\/\/api.w.org\/{rel}","templated":true}]}}