{"id":232749,"date":"2026-03-04T07:32:44","date_gmt":"2026-03-04T06:32:44","guid":{"rendered":"https:\/\/grupotextil.es\/producto\/core-explore-shell-pants-m\/"},"modified":"2026-05-10T04:06:30","modified_gmt":"2026-05-10T02:06:30","slug":"core-explore-shell-pants-m","status":"publish","type":"product","link":"https:\/\/grupotextil.es\/en\/product\/core-explore-shell-pants-m\/","title":{"rendered":"CORE Explore Shell Pants M"},"content":{"rendered":"<p>Los Core Explore Shell Pants son unos pantalones exteriores impermeables que ofrecen protecci\u00f3n contra la intemperie y durabilidad para una amplia gama de actividades al aire libre.<\/p>\n<p>Estos vers\u00e1tiles pantalones exteriores est\u00e1n confeccionados en un tejido impermeable y transpirable, y cuentan con costuras totalmente selladas para mantenerte seco y c\u00f3modo en condiciones clim\u00e1ticas adversas. Dise\u00f1ados para un ajuste \u00f3ptimo, tienen cintura el\u00e1stica, perneras preformadas y aberturas ajustables en las piernas. Adem\u00e1s, un ligero forro de poli\u00e9ster proporciona una mayor funcionalidad, lo que hace que los pantalones sean una gran elecci\u00f3n para actividades activas durante la temporada de oto\u00f1o e invierno.<\/p>\n<p>\u2022 Tejido resistente al viento y al agua (WP 8.000\/MVP 8.000)<\/p>\n<p>\u2022 Forro de poli\u00e9ster ligero<\/p>\n<p>\u2022 Costuras totalmente selladas<\/p>\n<p>\u2022 Cord\u00f3n en la parte inferior para ajustar la anchura<\/p>\n<p>\u2022 Dos bolsillos con cremallera<\/p>\n<p>\u2022 Ajuste regular<\/p>\n<p><strong>Composici\u00f3n:<\/strong> Body Front 100% Poli\u00e9ster reciclado, Body Back 100% Poliuretano, Lining 100% Poli\u00e9ster reciclado | <strong>Tallas:<\/strong> S-3XL<\/p>","protected":false},"excerpt":{"rendered":"<p>Los Core Explore Shell Pants son unos pantalones exteriores impermeables que ofrecen protecci\u00f3n contra la intemperie y durabilidad para una amplia gama de actividades al aire libre.<\/p>","protected":false},"featured_media":237089,"comment_status":"open","ping_status":"closed","template":"","meta":{"_acf_changed":false},"product_brand":[10489],"product_cat":[15147],"product_tag":[],"class_list":{"0":"post-232749","1":"product","2":"type-product","3":"status-publish","4":"has-post-thumbnail","6":"product_brand-craft","7":"product_cat-new-wave","8":"tm-no-options","10":"first","11":"instock","12":"taxable","13":"shipping-taxable","14":"product-type-variable"},"acf":[],"_links":{"self":[{"href":"https:\/\/grupotextil.es\/en\/wp-json\/wp\/v2\/product\/232749","targetHints":{"allow":["GET"]}}],"collection":[{"href":"https:\/\/grupotextil.es\/en\/wp-json\/wp\/v2\/product"}],"about":[{"href":"https:\/\/grupotextil.es\/en\/wp-json\/wp\/v2\/types\/product"}],"replies":[{"embeddable":true,"href":"https:\/\/grupotextil.es\/en\/wp-json\/wp\/v2\/comments?post=232749"}],"wp:featuredmedia":[{"embeddable":true,"href":"https:\/\/grupotextil.es\/en\/wp-json\/wp\/v2\/media\/237089"}],"wp:attachment":[{"href":"https:\/\/grupotextil.es\/en\/wp-json\/wp\/v2\/media?parent=232749"}],"wp:term":[{"taxonomy":"product_brand","embeddable":true,"href":"https:\/\/grupotextil.es\/en\/wp-json\/wp\/v2\/product_brand?post=232749"},{"taxonomy":"product_cat","embeddable":true,"href":"https:\/\/grupotextil.es\/en\/wp-json\/wp\/v2\/product_cat?post=232749"},{"taxonomy":"product_tag","embeddable":true,"href":"https:\/\/grupotextil.es\/en\/wp-json\/wp\/v2\/product_tag?post=232749"}],"curies":[{"name":"wp","href":"https:\/\/api.w.org\/{rel}","templated":true}]}}