{"id":232856,"date":"2026-03-04T07:33:56","date_gmt":"2026-03-04T06:33:56","guid":{"rendered":"https:\/\/grupotextil.es\/producto\/alder-heights-woman\/"},"modified":"2026-04-19T04:07:14","modified_gmt":"2026-04-19T02:07:14","slug":"alder-heights-woman","status":"publish","type":"product","link":"https:\/\/grupotextil.es\/en\/product\/alder-heights-woman\/","title":{"rendered":"Alder Heights Woman"},"content":{"rendered":"<p>Sudadera cuello redondo estilo universitario. Afelpado en el interior. Canal\u00e9 en mangas y cintura. Certificado Oeko-Tex.<\/p>\n<p><strong>Composici\u00f3n:<\/strong> 85% algod\u00f3n org\u00e1nico, 15% Poli\u00e9ster reciclado, 300 g\/m\u00b2 | <strong>Peso:<\/strong> 300 g\/m\u00b2 | <strong>Tallas:<\/strong> XS-XXL<\/p>","protected":false},"excerpt":{"rendered":"<p>Sudadera cuello redondo estilo universitario. Afelpado en el interior. Canal\u00e9 en mangas y cintura. Certificado Oeko-Tex.<\/p>","protected":false},"featured_media":237110,"comment_status":"open","ping_status":"closed","template":"","meta":{"_acf_changed":false},"product_brand":[10521],"product_cat":[13980],"product_tag":[],"class_list":{"0":"post-232856","1":"product","2":"type-product","3":"status-publish","4":"has-post-thumbnail","6":"product_brand-james-harvest","7":"product_cat-h-sudaderas","8":"tm-no-options","10":"first","11":"instock","12":"taxable","13":"shipping-taxable","14":"product-type-variable"},"acf":[],"_links":{"self":[{"href":"https:\/\/grupotextil.es\/en\/wp-json\/wp\/v2\/product\/232856","targetHints":{"allow":["GET"]}}],"collection":[{"href":"https:\/\/grupotextil.es\/en\/wp-json\/wp\/v2\/product"}],"about":[{"href":"https:\/\/grupotextil.es\/en\/wp-json\/wp\/v2\/types\/product"}],"replies":[{"embeddable":true,"href":"https:\/\/grupotextil.es\/en\/wp-json\/wp\/v2\/comments?post=232856"}],"wp:featuredmedia":[{"embeddable":true,"href":"https:\/\/grupotextil.es\/en\/wp-json\/wp\/v2\/media\/237110"}],"wp:attachment":[{"href":"https:\/\/grupotextil.es\/en\/wp-json\/wp\/v2\/media?parent=232856"}],"wp:term":[{"taxonomy":"product_brand","embeddable":true,"href":"https:\/\/grupotextil.es\/en\/wp-json\/wp\/v2\/product_brand?post=232856"},{"taxonomy":"product_cat","embeddable":true,"href":"https:\/\/grupotextil.es\/en\/wp-json\/wp\/v2\/product_cat?post=232856"},{"taxonomy":"product_tag","embeddable":true,"href":"https:\/\/grupotextil.es\/en\/wp-json\/wp\/v2\/product_tag?post=232856"}],"curies":[{"name":"wp","href":"https:\/\/api.w.org\/{rel}","templated":true}]}}