{"id":232887,"date":"2026-03-04T07:34:15","date_gmt":"2026-03-04T06:34:15","guid":{"rendered":"https:\/\/grupotextil.es\/producto\/2559-pantalon-elastico-mujer\/"},"modified":"2026-04-19T04:07:14","modified_gmt":"2026-04-19T02:07:14","slug":"2559-pantalon-elastico-mujer","status":"publish","type":"product","link":"https:\/\/grupotextil.es\/en\/product\/2559-pantalon-elastico-mujer\/","title":{"rendered":"2559 PANTAL\u00d3N EL\u00c1STICO MUJER"},"content":{"rendered":"<p>Pantal\u00f3n de mujer totalmente el\u00e1stico que proporciona la m\u00e1xima libertad de movimiento. Corte moderno y ajustado. Cintura cosida, ajustable y el\u00e1stica para mayor comodidad. Bolsillos laterales abiertos a ambos lados. Bolsillos a ambos lados de las piernas con cierre de cremallera, bolsillos traseros con cierre de cremallera. Trabilla m\u00e1s ancha en la parte trasera para evitar la presi\u00f3n del cintur\u00f3n. Bot\u00f3n oculto en la parte delantera. Deshaciendo la costura roja del dobladillo, el pantal\u00f3n se puede alargar 5 cm.<\/p>\n<p><strong>Composici\u00f3n:<\/strong> 92% Poli\u00e9ster, 8% Spandex &#8211; 210-215 g\/m2 | <strong>Peso:<\/strong> 210 g\/m\u00b2 | <strong>Tallas:<\/strong> C34-D25<\/p>","protected":false},"excerpt":{"rendered":"<p>Pantal\u00f3n de mujer totalmente el\u00e1stico que proporciona la m\u00e1xima libertad de movimiento. Corte moderno y ajustado. Cintura cosida, ajustable y el\u00e1stica para mayor comodidad. Bolsillos laterales abiertos a ambos lados. Bolsillos a ambos lados de las pi<\/p>","protected":false},"featured_media":237115,"comment_status":"open","ping_status":"closed","template":"","meta":{"_acf_changed":false},"product_brand":[10531],"product_cat":[13983],"product_tag":[],"class_list":{"0":"post-232887","1":"product","2":"type-product","3":"status-publish","4":"has-post-thumbnail","6":"product_brand-projob","7":"product_cat-h-pantalones","8":"tm-no-options","10":"first","11":"instock","12":"taxable","13":"shipping-taxable","14":"product-type-variable"},"acf":[],"_links":{"self":[{"href":"https:\/\/grupotextil.es\/en\/wp-json\/wp\/v2\/product\/232887","targetHints":{"allow":["GET"]}}],"collection":[{"href":"https:\/\/grupotextil.es\/en\/wp-json\/wp\/v2\/product"}],"about":[{"href":"https:\/\/grupotextil.es\/en\/wp-json\/wp\/v2\/types\/product"}],"replies":[{"embeddable":true,"href":"https:\/\/grupotextil.es\/en\/wp-json\/wp\/v2\/comments?post=232887"}],"wp:featuredmedia":[{"embeddable":true,"href":"https:\/\/grupotextil.es\/en\/wp-json\/wp\/v2\/media\/237115"}],"wp:attachment":[{"href":"https:\/\/grupotextil.es\/en\/wp-json\/wp\/v2\/media?parent=232887"}],"wp:term":[{"taxonomy":"product_brand","embeddable":true,"href":"https:\/\/grupotextil.es\/en\/wp-json\/wp\/v2\/product_brand?post=232887"},{"taxonomy":"product_cat","embeddable":true,"href":"https:\/\/grupotextil.es\/en\/wp-json\/wp\/v2\/product_cat?post=232887"},{"taxonomy":"product_tag","embeddable":true,"href":"https:\/\/grupotextil.es\/en\/wp-json\/wp\/v2\/product_tag?post=232887"}],"curies":[{"name":"wp","href":"https:\/\/api.w.org\/{rel}","templated":true}]}}