{"id":232903,"date":"2026-03-04T07:34:26","date_gmt":"2026-03-04T06:34:26","guid":{"rendered":"https:\/\/grupotextil.es\/producto\/frequent-ss-sweatshirt\/"},"modified":"2026-04-26T04:06:06","modified_gmt":"2026-04-26T02:06:06","slug":"frequent-ss-sweatshirt","status":"publish","type":"product","link":"https:\/\/grupotextil.es\/en\/product\/frequent-ss-sweatshirt\/","title":{"rendered":"Frequent SS Sweatshirt"},"content":{"rendered":"<p>Sudadera de manga corta de corte relajado y confeccionada con algod\u00f3n 100\u00a0% org\u00e1nico. Ofrece una gran comodidad y un excelente dise\u00f1o creando el estilo perfecto para el d\u00eda a d\u00eda.<\/p>\n<p>\u2022 Materiales preferidos<\/p>\n<p>\u2022 Ajuste relajado<\/p>\n<p>\u2022 Tejido de algod\u00f3n org\u00e1nico con estructura loopback<\/p>\n<p>\u2022 Canal\u00e9 en cuello, pu\u00f1os y dobladillo inferior<\/p>\n<p><strong>Composici\u00f3n:<\/strong> Main 100% Cotton Organic, Rib 95% Cotton Organic, 5% Elastane | <strong>Tallas:<\/strong> XS-XXL<\/p>","protected":false},"excerpt":{"rendered":"<p>Sudadera de manga corta de corte relajado y confeccionada con algod\u00f3n 100\u00a0% org\u00e1nico. Ofrece una gran comodidad y un excelente dise\u00f1o creando el estilo perfecto para el d\u00eda a d\u00eda.<\/p>","protected":false},"featured_media":237117,"comment_status":"open","ping_status":"closed","template":"","meta":{"_acf_changed":false},"product_brand":[10489],"product_cat":[15147],"product_tag":[],"class_list":{"0":"post-232903","1":"product","2":"type-product","3":"status-publish","4":"has-post-thumbnail","6":"product_brand-craft","7":"product_cat-new-wave","8":"tm-no-options","10":"first","11":"instock","12":"taxable","13":"shipping-taxable","14":"product-type-variable"},"acf":[],"_links":{"self":[{"href":"https:\/\/grupotextil.es\/en\/wp-json\/wp\/v2\/product\/232903","targetHints":{"allow":["GET"]}}],"collection":[{"href":"https:\/\/grupotextil.es\/en\/wp-json\/wp\/v2\/product"}],"about":[{"href":"https:\/\/grupotextil.es\/en\/wp-json\/wp\/v2\/types\/product"}],"replies":[{"embeddable":true,"href":"https:\/\/grupotextil.es\/en\/wp-json\/wp\/v2\/comments?post=232903"}],"wp:featuredmedia":[{"embeddable":true,"href":"https:\/\/grupotextil.es\/en\/wp-json\/wp\/v2\/media\/237117"}],"wp:attachment":[{"href":"https:\/\/grupotextil.es\/en\/wp-json\/wp\/v2\/media?parent=232903"}],"wp:term":[{"taxonomy":"product_brand","embeddable":true,"href":"https:\/\/grupotextil.es\/en\/wp-json\/wp\/v2\/product_brand?post=232903"},{"taxonomy":"product_cat","embeddable":true,"href":"https:\/\/grupotextil.es\/en\/wp-json\/wp\/v2\/product_cat?post=232903"},{"taxonomy":"product_tag","embeddable":true,"href":"https:\/\/grupotextil.es\/en\/wp-json\/wp\/v2\/product_tag?post=232903"}],"curies":[{"name":"wp","href":"https:\/\/api.w.org\/{rel}","templated":true}]}}