{"id":232921,"date":"2026-03-04T07:34:37","date_gmt":"2026-03-04T06:34:37","guid":{"rendered":"https:\/\/grupotextil.es\/producto\/community-2-0-fz-hoodie-m\/"},"modified":"2026-04-19T04:07:14","modified_gmt":"2026-04-19T02:07:14","slug":"community-2-0-fz-hoodie-m","status":"publish","type":"product","link":"https:\/\/grupotextil.es\/en\/product\/community-2-0-fz-hoodie-m\/","title":{"rendered":"Community 2.0 FZ Hoodie M"},"content":{"rendered":"<p>La sudadera con capucha Community 2.0 FZ Hoodie combina un corte relajado y atl\u00e9tico con una est\u00e9tica deportiva, lo que la convierte en una buena elecci\u00f3n para los momentos de relax fuera del terreno de juego. Confeccionada con una suave mezcla de poli\u00e9ster reciclado y algod\u00f3n org\u00e1nico y con una superficie interior cepillada, esta sudadera con capucha tiene un tacto suave y es muy c\u00f3moda, lo que contribuye a reforzar el esp\u00edritu de equipo. Su dise\u00f1o limpio la hace perfecta para la inclusi\u00f3n de marcas con el logotipo del club, patrocinios o empresas.<\/p>\n<p>\u2022 Tejido suave confeccionado con poli\u00e9ster reciclado y algod\u00f3n org\u00e1nico<\/p>\n<p>\u2022 Interior cepillado<\/p>\n<p>\u2022 Cremallera completa en la parte delantera<\/p>\n<p>\u2022 Dos bolsillos laterales<\/p>\n<p>\u2022 Pu\u00f1os y dobladillo inferior en punto de canal\u00e9<\/p>\n<p>\u2022 Ajuste regular<\/p>\n<p><strong>Composici\u00f3n:<\/strong> 60% Cotton-Organic, 40% Polyester-Recycled | <strong>Tallas:<\/strong> XS-3XL<\/p>","protected":false},"excerpt":{"rendered":"<p>La sudadera con capucha Community 2.0 FZ Hoodie combina un corte relajado y atl\u00e9tico con una est\u00e9tica deportiva, lo que la convierte en una buena elecci\u00f3n para los momentos de relax fuera del terreno de juego. Confeccionada con una suave mezcla de po<\/p>","protected":false},"featured_media":237120,"comment_status":"open","ping_status":"closed","template":"","meta":{"_acf_changed":false},"product_brand":[10489],"product_cat":[15147],"product_tag":[],"class_list":{"0":"post-232921","1":"product","2":"type-product","3":"status-publish","4":"has-post-thumbnail","6":"product_brand-craft","7":"product_cat-new-wave","8":"tm-no-options","10":"first","11":"instock","12":"taxable","13":"shipping-taxable","14":"product-type-variable"},"acf":[],"_links":{"self":[{"href":"https:\/\/grupotextil.es\/en\/wp-json\/wp\/v2\/product\/232921","targetHints":{"allow":["GET"]}}],"collection":[{"href":"https:\/\/grupotextil.es\/en\/wp-json\/wp\/v2\/product"}],"about":[{"href":"https:\/\/grupotextil.es\/en\/wp-json\/wp\/v2\/types\/product"}],"replies":[{"embeddable":true,"href":"https:\/\/grupotextil.es\/en\/wp-json\/wp\/v2\/comments?post=232921"}],"wp:featuredmedia":[{"embeddable":true,"href":"https:\/\/grupotextil.es\/en\/wp-json\/wp\/v2\/media\/237120"}],"wp:attachment":[{"href":"https:\/\/grupotextil.es\/en\/wp-json\/wp\/v2\/media?parent=232921"}],"wp:term":[{"taxonomy":"product_brand","embeddable":true,"href":"https:\/\/grupotextil.es\/en\/wp-json\/wp\/v2\/product_brand?post=232921"},{"taxonomy":"product_cat","embeddable":true,"href":"https:\/\/grupotextil.es\/en\/wp-json\/wp\/v2\/product_cat?post=232921"},{"taxonomy":"product_tag","embeddable":true,"href":"https:\/\/grupotextil.es\/en\/wp-json\/wp\/v2\/product_tag?post=232921"}],"curies":[{"name":"wp","href":"https:\/\/api.w.org\/{rel}","templated":true}]}}