{"id":232930,"date":"2026-03-04T07:34:42","date_gmt":"2026-03-04T06:34:42","guid":{"rendered":"https:\/\/grupotextil.es\/producto\/4430-chaqueta-impermeable\/"},"modified":"2026-04-19T04:07:14","modified_gmt":"2026-04-19T02:07:14","slug":"4430-chaqueta-impermeable","status":"publish","type":"product","link":"https:\/\/grupotextil.es\/en\/product\/4430-chaqueta-impermeable\/","title":{"rendered":"4430 CHAQUETA IMPERMEABLE"},"content":{"rendered":"<p>Chaqueta con costuras selladas para ser resistente a agua. Capucha extra\u00edble y pu\u00f1os ajustables con botones a presi\u00f3n. Bolsillos frontales con solapa. Detalles reflectantes en la parte trasera, pu\u00f1os y cintura para una mayor visibilidad<\/p>\n<p><strong>Composici\u00f3n:<\/strong> 58% PVC. 27% poli\u00e9ster, 15% PU | <strong>Peso:<\/strong> 320 g\/m\u00b2 | <strong>Tallas:<\/strong> XS-XXL<\/p>","protected":false},"excerpt":{"rendered":"<p>Chaqueta con costuras selladas para ser resistente a agua. Capucha extra\u00edble y pu\u00f1os ajustables con botones a presi\u00f3n. Bolsillos frontales con solapa. Detalles reflectantes en la parte trasera, pu\u00f1os y cintura para una mayor visibilidad<\/p>","protected":false},"featured_media":237122,"comment_status":"open","ping_status":"closed","template":"","meta":{"_acf_changed":false},"product_brand":[10531],"product_cat":[13998],"product_tag":[],"class_list":{"0":"post-232930","1":"product","2":"type-product","3":"status-publish","4":"has-post-thumbnail","6":"product_brand-projob","7":"product_cat-n-chaquetas","8":"tm-no-options","10":"first","11":"instock","12":"taxable","13":"shipping-taxable","14":"product-type-variable"},"acf":[],"_links":{"self":[{"href":"https:\/\/grupotextil.es\/en\/wp-json\/wp\/v2\/product\/232930","targetHints":{"allow":["GET"]}}],"collection":[{"href":"https:\/\/grupotextil.es\/en\/wp-json\/wp\/v2\/product"}],"about":[{"href":"https:\/\/grupotextil.es\/en\/wp-json\/wp\/v2\/types\/product"}],"replies":[{"embeddable":true,"href":"https:\/\/grupotextil.es\/en\/wp-json\/wp\/v2\/comments?post=232930"}],"wp:featuredmedia":[{"embeddable":true,"href":"https:\/\/grupotextil.es\/en\/wp-json\/wp\/v2\/media\/237122"}],"wp:attachment":[{"href":"https:\/\/grupotextil.es\/en\/wp-json\/wp\/v2\/media?parent=232930"}],"wp:term":[{"taxonomy":"product_brand","embeddable":true,"href":"https:\/\/grupotextil.es\/en\/wp-json\/wp\/v2\/product_brand?post=232930"},{"taxonomy":"product_cat","embeddable":true,"href":"https:\/\/grupotextil.es\/en\/wp-json\/wp\/v2\/product_cat?post=232930"},{"taxonomy":"product_tag","embeddable":true,"href":"https:\/\/grupotextil.es\/en\/wp-json\/wp\/v2\/product_tag?post=232930"}],"curies":[{"name":"wp","href":"https:\/\/api.w.org\/{rel}","templated":true}]}}