{"id":232957,"date":"2026-03-04T07:34:59","date_gmt":"2026-03-04T06:34:59","guid":{"rendered":"https:\/\/grupotextil.es\/producto\/3413-chaqueta-tecnica-ventair-acolchada-mujer\/"},"modified":"2026-04-19T04:07:15","modified_gmt":"2026-04-19T02:07:15","slug":"3413-chaqueta-tecnica-ventair-acolchada-mujer","status":"publish","type":"product","link":"https:\/\/grupotextil.es\/en\/product\/3413-chaqueta-tecnica-ventair-acolchada-mujer\/","title":{"rendered":"3413 CHAQUETA T\u00c9CNICA VENTAIR ACOLCHADA MUJER"},"content":{"rendered":"<p>Chaqueta funcional triple capa, en material softshell repelente al viento y al agua. Forro acolchado y tejido polar en el cuello para mayor calidez y confort. Dos bolsillos en el pecho, el izquierdo con bolsillo interior para m\u00f3vil y soluci\u00f3n para manos libres. Dos bolsillos laterales. Bolsillo en la manga del brazo izquierdo para llaves, tarjetas, etc. Bolsillos interiores en ambos lados, doble bolsillo en el lado izquierdo, uno con cierre de velcro y otro con cremallera. Porta tarjetas de identificaci\u00f3n. Cremalleras de ventilaci\u00f3n bajo los brazos con malla. Espalda alargada. Ribete reflectante en mangas y espalda. Capucha desmontable, ajustable con cord\u00f3n. Pu\u00f1os ajustables con velcro y cintura ajustable con cord\u00f3n. El forro se puede abrir para facilitar el bordado.<\/p>\n<p><strong>Composici\u00f3n:<\/strong> 100% poli\u00e9ster, 260 g\/m2 | <strong>Peso:<\/strong> 260 g\/m\u00b2 | <strong>Tallas:<\/strong> XS-3XL<\/p>","protected":false},"excerpt":{"rendered":"<p>Chaqueta funcional triple capa, en material softshell repelente al viento y al agua. Forro acolchado y tejido polar en el cuello para mayor calidez y confort. Dos bolsillos en el pecho, el izquierdo con bolsillo interior para m\u00f3vil y soluci\u00f3n para ma<\/p>","protected":false},"featured_media":237127,"comment_status":"open","ping_status":"closed","template":"","meta":{"_acf_changed":false},"product_brand":[10531],"product_cat":[13998],"product_tag":[],"class_list":{"0":"post-232957","1":"product","2":"type-product","3":"status-publish","4":"has-post-thumbnail","6":"product_brand-projob","7":"product_cat-n-chaquetas","8":"tm-no-options","10":"first","11":"instock","12":"taxable","13":"shipping-taxable","14":"product-type-variable"},"acf":[],"_links":{"self":[{"href":"https:\/\/grupotextil.es\/en\/wp-json\/wp\/v2\/product\/232957","targetHints":{"allow":["GET"]}}],"collection":[{"href":"https:\/\/grupotextil.es\/en\/wp-json\/wp\/v2\/product"}],"about":[{"href":"https:\/\/grupotextil.es\/en\/wp-json\/wp\/v2\/types\/product"}],"replies":[{"embeddable":true,"href":"https:\/\/grupotextil.es\/en\/wp-json\/wp\/v2\/comments?post=232957"}],"wp:featuredmedia":[{"embeddable":true,"href":"https:\/\/grupotextil.es\/en\/wp-json\/wp\/v2\/media\/237127"}],"wp:attachment":[{"href":"https:\/\/grupotextil.es\/en\/wp-json\/wp\/v2\/media?parent=232957"}],"wp:term":[{"taxonomy":"product_brand","embeddable":true,"href":"https:\/\/grupotextil.es\/en\/wp-json\/wp\/v2\/product_brand?post=232957"},{"taxonomy":"product_cat","embeddable":true,"href":"https:\/\/grupotextil.es\/en\/wp-json\/wp\/v2\/product_cat?post=232957"},{"taxonomy":"product_tag","embeddable":true,"href":"https:\/\/grupotextil.es\/en\/wp-json\/wp\/v2\/product_tag?post=232957"}],"curies":[{"name":"wp","href":"https:\/\/api.w.org\/{rel}","templated":true}]}}