{"id":232966,"date":"2026-03-04T07:35:05","date_gmt":"2026-03-04T06:35:05","guid":{"rendered":"https:\/\/grupotextil.es\/producto\/miami-pants-junior\/"},"modified":"2026-04-26T04:06:06","modified_gmt":"2026-04-26T02:06:06","slug":"miami-pants-junior","status":"publish","type":"product","link":"https:\/\/grupotextil.es\/en\/product\/miami-pants-junior\/","title":{"rendered":"Miami Pants Junior"},"content":{"rendered":"<p>Pantalones deportivos para ni\u00f1os confeccionados con una mezcla de algod\u00f3n y poli\u00e9ster reciclado. Cuentan con dos bolsillos delanteros y un interior cepillado. Cintura y bajos con ribete 2&#215;2 y doble costura. La talla 90\/100 se fabrica sin cord\u00f3n para mayor seguridad infantil. Etiqueta f\u00e1cilmente removible para cambiar la marca. El tejido suave y estabilizado est\u00e1 dise\u00f1ado para lavados intensivos y cuenta con propiedades anti-pilling.<\/p>\n<p><strong>Composici\u00f3n:<\/strong> 80% Algod\u00f3n \/ 20% Poli\u00e9ster reciclado | <strong>Peso:<\/strong> 260 g\/m2 | <strong>Tallas:<\/strong> 100 (3-5 A\u00f1os)-160 (12-14 A\u00f1os)<\/p>","protected":false},"excerpt":{"rendered":"<p>Pantalones deportivos para ni\u00f1os confeccionados con una mezcla de algod\u00f3n y poli\u00e9ster reciclado. Cuentan con dos bolsillos delanteros y un interior cepillado. Cintura y bajos con ribete 2&#215;2 y doble costura. La talla 90\/100 se fabrica sin cord\u00f3n para<\/p>","protected":false},"featured_media":237128,"comment_status":"open","ping_status":"closed","template":"","meta":{"_acf_changed":false},"product_brand":[10446],"product_cat":[13980],"product_tag":[],"class_list":{"0":"post-232966","1":"product","2":"type-product","3":"status-publish","4":"has-post-thumbnail","6":"product_brand-clique","7":"product_cat-h-sudaderas","8":"tm-no-options","10":"first","11":"instock","12":"taxable","13":"shipping-taxable","14":"product-type-variable"},"acf":[],"_links":{"self":[{"href":"https:\/\/grupotextil.es\/en\/wp-json\/wp\/v2\/product\/232966","targetHints":{"allow":["GET"]}}],"collection":[{"href":"https:\/\/grupotextil.es\/en\/wp-json\/wp\/v2\/product"}],"about":[{"href":"https:\/\/grupotextil.es\/en\/wp-json\/wp\/v2\/types\/product"}],"replies":[{"embeddable":true,"href":"https:\/\/grupotextil.es\/en\/wp-json\/wp\/v2\/comments?post=232966"}],"wp:featuredmedia":[{"embeddable":true,"href":"https:\/\/grupotextil.es\/en\/wp-json\/wp\/v2\/media\/237128"}],"wp:attachment":[{"href":"https:\/\/grupotextil.es\/en\/wp-json\/wp\/v2\/media?parent=232966"}],"wp:term":[{"taxonomy":"product_brand","embeddable":true,"href":"https:\/\/grupotextil.es\/en\/wp-json\/wp\/v2\/product_brand?post=232966"},{"taxonomy":"product_cat","embeddable":true,"href":"https:\/\/grupotextil.es\/en\/wp-json\/wp\/v2\/product_cat?post=232966"},{"taxonomy":"product_tag","embeddable":true,"href":"https:\/\/grupotextil.es\/en\/wp-json\/wp\/v2\/product_tag?post=232966"}],"curies":[{"name":"wp","href":"https:\/\/api.w.org\/{rel}","templated":true}]}}