{"id":233008,"date":"2026-03-04T07:35:33","date_gmt":"2026-03-04T06:35:33","guid":{"rendered":"https:\/\/grupotextil.es\/producto\/urban-cargopants-m\/"},"modified":"2026-04-26T04:06:06","modified_gmt":"2026-04-26T02:06:06","slug":"urban-cargopants-m","status":"publish","type":"product","link":"https:\/\/grupotextil.es\/en\/product\/urban-cargopants-m\/","title":{"rendered":"Urban Cargopants M"},"content":{"rendered":"<p>Los pantalones Urban Cargo combinan elasticidad, ligereza y un toque atl\u00e9tico, lo que los hace perfectos para el uso diario, una apariencia unificada en el lugar de trabajo y una marca corporativa fuerte.<\/p>\n<p>Estos vers\u00e1tiles pantalones cargo de corte holgado est\u00e1n confeccionados en un tejido el\u00e1stico que ofrece una excelente funcionalidad, comodidad y libertad de movimiento. Los pantalones cuentan con m\u00faltiples bolsillos que proporcionan una gran capacidad de almacenamiento, incluidos unos espaciosos bolsillos laterales de fuelle con cierre de velcro y cremallera, un bolsillo trasero con cremallera y dos bolsillos laterales normales. Una cintura el\u00e1stica en la parte trasera garantiza un ajuste c\u00f3modo, mientras que el cord\u00f3n ajustable en los extremos de las perneras permite un ajuste personalizado alrededor de los zapatos o las botas. Perfecto para la inclusi\u00f3n de marcas con el logotipo del club, patrocinios o empresas.<\/p>\n<p>\u2022 Tejido el\u00e1stico confeccionado con poliamida y elastano reciclados<\/p>\n<p>\u2022 Dos grandes bolsillos laterales de fuelle con cierre de velcro y cremallera<\/p>\n<p>\u2022 Dos bolsillos laterales normales<\/p>\n<p>\u2022 Bolsillo trasero con cremallera<\/p>\n<p>\u2022 Cintura el\u00e1stica en la espalda<\/p>\n<p>\u2022 Extremos de las piernas ajustables<\/p>\n<p>\u2022 Ajuste relajado<\/p>\n<p><strong>Composici\u00f3n:<\/strong> 92% Polyamide Recycled, 8% Elastane | <strong>Tallas:<\/strong> XS-3XL<\/p>","protected":false},"excerpt":{"rendered":"<p>Los pantalones Urban Cargo combinan elasticidad, ligereza y un toque atl\u00e9tico, lo que los hace perfectos para el uso diario, una apariencia unificada en el lugar de trabajo y una marca corporativa fuerte.<\/p>","protected":false},"featured_media":237135,"comment_status":"open","ping_status":"closed","template":"","meta":{"_acf_changed":false},"product_brand":[10489],"product_cat":[15147],"product_tag":[],"class_list":{"0":"post-233008","1":"product","2":"type-product","3":"status-publish","4":"has-post-thumbnail","6":"product_brand-craft","7":"product_cat-new-wave","8":"tm-no-options","10":"first","11":"instock","12":"taxable","13":"shipping-taxable","14":"product-type-variable"},"acf":[],"_links":{"self":[{"href":"https:\/\/grupotextil.es\/en\/wp-json\/wp\/v2\/product\/233008","targetHints":{"allow":["GET"]}}],"collection":[{"href":"https:\/\/grupotextil.es\/en\/wp-json\/wp\/v2\/product"}],"about":[{"href":"https:\/\/grupotextil.es\/en\/wp-json\/wp\/v2\/types\/product"}],"replies":[{"embeddable":true,"href":"https:\/\/grupotextil.es\/en\/wp-json\/wp\/v2\/comments?post=233008"}],"wp:featuredmedia":[{"embeddable":true,"href":"https:\/\/grupotextil.es\/en\/wp-json\/wp\/v2\/media\/237135"}],"wp:attachment":[{"href":"https:\/\/grupotextil.es\/en\/wp-json\/wp\/v2\/media?parent=233008"}],"wp:term":[{"taxonomy":"product_brand","embeddable":true,"href":"https:\/\/grupotextil.es\/en\/wp-json\/wp\/v2\/product_brand?post=233008"},{"taxonomy":"product_cat","embeddable":true,"href":"https:\/\/grupotextil.es\/en\/wp-json\/wp\/v2\/product_cat?post=233008"},{"taxonomy":"product_tag","embeddable":true,"href":"https:\/\/grupotextil.es\/en\/wp-json\/wp\/v2\/product_tag?post=233008"}],"curies":[{"name":"wp","href":"https:\/\/api.w.org\/{rel}","templated":true}]}}