{"id":233037,"date":"2026-03-04T07:35:50","date_gmt":"2026-03-04T06:35:50","guid":{"rendered":"https:\/\/grupotextil.es\/producto\/essence-tights-3-m\/"},"modified":"2026-04-19T04:07:15","modified_gmt":"2026-04-19T02:07:15","slug":"essence-tights-3-m","status":"publish","type":"product","link":"https:\/\/grupotextil.es\/en\/product\/essence-tights-3-m\/","title":{"rendered":"Essence Tights 3 M"},"content":{"rendered":"<p>Las mallas ADV Essence 3 son mallas de entrenamiento altamente funcionales dise\u00f1adas para una amplia gama de entrenamientos, desde carreras intensas y entrenamientos de fuerza hasta la pr\u00e1ctica consciente del yoga.<\/p>\n<p>Estas mallas vers\u00e1tiles est\u00e1n confeccionadas con un tejido punto funcional de poliamida reciclada y elastano, que ofrece una excepcional gesti\u00f3n de la temperatura corporal, una gran elasticidad y una eficaz recuperaci\u00f3n. Adem\u00e1s, las mallas incluyen una cintura el\u00e1stica con cord\u00f3n ajustable para un ajuste \u00f3ptimo. Dos grandes bolsillos exteriores en las perneras permiten guardar c\u00f3modamente el tel\u00e9fono, barritas energ\u00e9ticas y otros objetos esenciales.<\/p>\n<p>\u2022 Tejido el\u00e1stico confeccionado con poliamida y elastano reciclados<\/p>\n<p>\u2022 Cintura el\u00e1stica con cord\u00f3n de ajuste<\/p>\n<p>\u2022 Dos grandes bolsillos en las piernas<\/p>\n<p><strong>Composici\u00f3n:<\/strong> 75% Polyamide Recycled, 25% Elastane | <strong>Tallas:<\/strong> XS-XXL<\/p>","protected":false},"excerpt":{"rendered":"<p>Las mallas ADV Essence 3 son mallas de entrenamiento altamente funcionales dise\u00f1adas para una amplia gama de entrenamientos, desde carreras intensas y entrenamientos de fuerza hasta la pr\u00e1ctica consciente del yoga.<\/p>","protected":false},"featured_media":237143,"comment_status":"open","ping_status":"closed","template":"","meta":{"_acf_changed":false},"product_brand":[10489],"product_cat":[15147],"product_tag":[],"class_list":{"0":"post-233037","1":"product","2":"type-product","3":"status-publish","4":"has-post-thumbnail","6":"product_brand-craft","7":"product_cat-new-wave","8":"tm-no-options","10":"first","11":"instock","12":"taxable","13":"shipping-taxable","14":"product-type-variable"},"acf":[],"_links":{"self":[{"href":"https:\/\/grupotextil.es\/en\/wp-json\/wp\/v2\/product\/233037","targetHints":{"allow":["GET"]}}],"collection":[{"href":"https:\/\/grupotextil.es\/en\/wp-json\/wp\/v2\/product"}],"about":[{"href":"https:\/\/grupotextil.es\/en\/wp-json\/wp\/v2\/types\/product"}],"replies":[{"embeddable":true,"href":"https:\/\/grupotextil.es\/en\/wp-json\/wp\/v2\/comments?post=233037"}],"wp:featuredmedia":[{"embeddable":true,"href":"https:\/\/grupotextil.es\/en\/wp-json\/wp\/v2\/media\/237143"}],"wp:attachment":[{"href":"https:\/\/grupotextil.es\/en\/wp-json\/wp\/v2\/media?parent=233037"}],"wp:term":[{"taxonomy":"product_brand","embeddable":true,"href":"https:\/\/grupotextil.es\/en\/wp-json\/wp\/v2\/product_brand?post=233037"},{"taxonomy":"product_cat","embeddable":true,"href":"https:\/\/grupotextil.es\/en\/wp-json\/wp\/v2\/product_cat?post=233037"},{"taxonomy":"product_tag","embeddable":true,"href":"https:\/\/grupotextil.es\/en\/wp-json\/wp\/v2\/product_tag?post=233037"}],"curies":[{"name":"wp","href":"https:\/\/api.w.org\/{rel}","templated":true}]}}