{"id":233085,"date":"2026-03-04T07:36:20","date_gmt":"2026-03-04T06:36:20","guid":{"rendered":"https:\/\/grupotextil.es\/producto\/adv-explore-shell-jacket-m\/"},"modified":"2026-04-26T04:06:07","modified_gmt":"2026-04-26T02:06:07","slug":"adv-explore-shell-jacket-m","status":"publish","type":"product","link":"https:\/\/grupotextil.es\/en\/product\/adv-explore-shell-jacket-m\/","title":{"rendered":"ADV Explore Shell Jacket M"},"content":{"rendered":"<p>ADV Explore Shell Jacket es una chaqueta funcional, duradera e impermeable dise\u00f1ada para actividades al aire libre en condiciones de fr\u00edo y humedad.<\/p>\n<p>Esta chaqueta polivalente est\u00e1 confeccionada con un tejido tricapa y cuenta con costuras totalmente selladas para una protecci\u00f3n \u00f3ptima contra las inclemencias del tiempo. Dispone de cremalleras de ventilaci\u00f3n en las axilas para una gesti\u00f3n eficaz de la temperatura corporal. Cremalleras impermeables, capucha ajustable, pu\u00f1os ajustables con Velcro y dos bolsillos laterales grandes con cremallera. Elecci\u00f3n perfecta para esqu\u00ed alpino, raquetas de nieve y actividades al aire libre similares que requieran prendas altamentes funcionales.<\/p>\n<p>\u2022 Tejido tricapa de poli\u00e9ster reciclado (WP 15.000 \/ MVP 15.000)<\/p>\n<p>\u2022 Costuras selladas<\/p>\n<p>\u2022 Cremalleras impermeables<\/p>\n<p>\u2022 Cremalleras de ventilaci\u00f3n para axilas<\/p>\n<p>\u2022 Pu\u00f1os ajustables con Velcro<\/p>\n<p>\u2022 Capucha ajustable<\/p>\n<p>\u2022 Dos grandes bolsillos laterales con cremallera<\/p>\n<p>\u2022 Fald\u00f3n<\/p>\n<p>\u2022 Ajuste ce\u00f1ido<\/p>\n<p>\u2022 Logo en hombro izquierdo<\/p>\n<p><strong>Composici\u00f3n:<\/strong> Face 100% Polyester Recycled, Middle 100% Thermoplastic Polyurethane, Back 100% Polyester | <strong>Tallas:<\/strong> S-4XL<\/p>","protected":false},"excerpt":{"rendered":"<p>ADV Explore Shell Jacket es una chaqueta funcional, duradera e impermeable dise\u00f1ada para actividades al aire libre en condiciones de fr\u00edo y humedad.<\/p>","protected":false},"featured_media":237154,"comment_status":"open","ping_status":"closed","template":"","meta":{"_acf_changed":false},"product_brand":[10489],"product_cat":[13998],"product_tag":[],"class_list":{"0":"post-233085","1":"product","2":"type-product","3":"status-publish","4":"has-post-thumbnail","6":"product_brand-craft","7":"product_cat-n-chaquetas","8":"tm-no-options","10":"first","11":"instock","12":"taxable","13":"shipping-taxable","14":"product-type-variable"},"acf":[],"_links":{"self":[{"href":"https:\/\/grupotextil.es\/en\/wp-json\/wp\/v2\/product\/233085","targetHints":{"allow":["GET"]}}],"collection":[{"href":"https:\/\/grupotextil.es\/en\/wp-json\/wp\/v2\/product"}],"about":[{"href":"https:\/\/grupotextil.es\/en\/wp-json\/wp\/v2\/types\/product"}],"replies":[{"embeddable":true,"href":"https:\/\/grupotextil.es\/en\/wp-json\/wp\/v2\/comments?post=233085"}],"wp:featuredmedia":[{"embeddable":true,"href":"https:\/\/grupotextil.es\/en\/wp-json\/wp\/v2\/media\/237154"}],"wp:attachment":[{"href":"https:\/\/grupotextil.es\/en\/wp-json\/wp\/v2\/media?parent=233085"}],"wp:term":[{"taxonomy":"product_brand","embeddable":true,"href":"https:\/\/grupotextil.es\/en\/wp-json\/wp\/v2\/product_brand?post=233085"},{"taxonomy":"product_cat","embeddable":true,"href":"https:\/\/grupotextil.es\/en\/wp-json\/wp\/v2\/product_cat?post=233085"},{"taxonomy":"product_tag","embeddable":true,"href":"https:\/\/grupotextil.es\/en\/wp-json\/wp\/v2\/product_tag?post=233085"}],"curies":[{"name":"wp","href":"https:\/\/api.w.org\/{rel}","templated":true}]}}