{"id":233134,"date":"2026-03-04T07:36:57","date_gmt":"2026-03-04T06:36:57","guid":{"rendered":"https:\/\/grupotextil.es\/producto\/5430-chaqueta-acolchada\/"},"modified":"2026-04-19T04:07:16","modified_gmt":"2026-04-19T02:07:16","slug":"5430-chaqueta-acolchada","status":"publish","type":"product","link":"https:\/\/grupotextil.es\/en\/product\/5430-chaqueta-acolchada\/","title":{"rendered":"5430 CHAQUETA ACOLCHADA"},"content":{"rendered":"<p>Chaqueta acolchada resistente a viento y agua con costuras selladas, material rip-stop. Cremallera frontal bidireccional con solapa para evitar las corrientes de aire y las filtraciones de agua, cierre con botones a presi\u00f3n. Bolsillos frontales a ambos lados con cremallera, el izquierdo con gancho interno para tarjeta de identificaci\u00f3n. Bolsillos laterales con cremallera. Bolsillos interiores en ambos lados con cremallera, en el lado izquierdo un bolsillo abierto con cierre de velcro. Capucha desmontable, ajustable en dos sentidos con cord\u00f3n. Pu\u00f1os ajustables con velcro, tambi\u00e9n con agarre interno para el pulgar. Cintura ajustable con cord\u00f3n. El forro se puede abrir para facilitar la impresi\u00f3n.<\/p>\n<p><strong>Composici\u00f3n:<\/strong> 80% Poli\u00e9ster, 20% Algod\u00f3n &#8211; 245 g\/m2 | <strong>Peso:<\/strong> 245 g\/m2 | <strong>Tallas:<\/strong> XS-4XL<\/p>","protected":false},"excerpt":{"rendered":"<p>Chaqueta acolchada resistente a viento y agua con costuras selladas, material rip-stop. Cremallera frontal bidireccional con solapa para evitar las corrientes de aire y las filtraciones de agua, cierre con botones a presi\u00f3n. Bolsillos frontales a amb<\/p>","protected":false},"featured_media":237163,"comment_status":"open","ping_status":"closed","template":"","meta":{"_acf_changed":false},"product_brand":[10531],"product_cat":[13998],"product_tag":[],"class_list":{"0":"post-233134","1":"product","2":"type-product","3":"status-publish","4":"has-post-thumbnail","6":"product_brand-projob","7":"product_cat-n-chaquetas","8":"tm-no-options","10":"first","11":"instock","12":"taxable","13":"shipping-taxable","14":"product-type-variable"},"acf":[],"_links":{"self":[{"href":"https:\/\/grupotextil.es\/en\/wp-json\/wp\/v2\/product\/233134","targetHints":{"allow":["GET"]}}],"collection":[{"href":"https:\/\/grupotextil.es\/en\/wp-json\/wp\/v2\/product"}],"about":[{"href":"https:\/\/grupotextil.es\/en\/wp-json\/wp\/v2\/types\/product"}],"replies":[{"embeddable":true,"href":"https:\/\/grupotextil.es\/en\/wp-json\/wp\/v2\/comments?post=233134"}],"wp:featuredmedia":[{"embeddable":true,"href":"https:\/\/grupotextil.es\/en\/wp-json\/wp\/v2\/media\/237163"}],"wp:attachment":[{"href":"https:\/\/grupotextil.es\/en\/wp-json\/wp\/v2\/media?parent=233134"}],"wp:term":[{"taxonomy":"product_brand","embeddable":true,"href":"https:\/\/grupotextil.es\/en\/wp-json\/wp\/v2\/product_brand?post=233134"},{"taxonomy":"product_cat","embeddable":true,"href":"https:\/\/grupotextil.es\/en\/wp-json\/wp\/v2\/product_cat?post=233134"},{"taxonomy":"product_tag","embeddable":true,"href":"https:\/\/grupotextil.es\/en\/wp-json\/wp\/v2\/product_tag?post=233134"}],"curies":[{"name":"wp","href":"https:\/\/api.w.org\/{rel}","templated":true}]}}