{"id":233141,"date":"2026-03-04T07:37:04","date_gmt":"2026-03-04T06:37:04","guid":{"rendered":"https:\/\/grupotextil.es\/producto\/rush-2-0-training-jacket-m\/"},"modified":"2026-04-19T04:07:16","modified_gmt":"2026-04-19T02:07:16","slug":"rush-2-0-training-jacket-m","status":"publish","type":"product","link":"https:\/\/grupotextil.es\/en\/product\/rush-2-0-training-jacket-m\/","title":{"rendered":"Rush 2.0 Training Jacket M"},"content":{"rendered":"<p>La Rush 2.0 Training Jacket es una chaqueta funcional de entrenamiento confeccionada con un tejido el\u00e1stico que proporciona un transporte eficiente de la humedad durante los entrenamientos intensos. La versi\u00f3n 2.0 se ha actualizado con un nuevo material m\u00e1s el\u00e1stico que proporciona mayor libertad de movimiento y confort. Confeccionada con poli\u00e9ster reciclado y dise\u00f1ada para reducir la huella ambiental, esta prenda es un espl\u00e9ndido ejemplo de ropa deportiva de \u00faltima generaci\u00f3n. Adem\u00e1s, la chaqueta dispone de dos bolsillos laterales. Perfectos para la inclusi\u00f3n de marcas con el logotipo del club, patrocinios o empresas.<\/p>\n<p>\u2022 Tejido confeccionado con poli\u00e9ster reciclado<\/p>\n<p>\u2022 Dise\u00f1o actualizado con un material nuevo m\u00e1s el\u00e1stico<\/p>\n<p>\u2022 Dos bolsillos laterales<\/p>\n<p>\u2022 Dise\u00f1o limpio<\/p>\n<p><strong>Composici\u00f3n:<\/strong> 100% Poli\u00e9ster reciclado | <strong>Peso:<\/strong> 106 g\/m2 | <strong>Tallas:<\/strong> XS-3XL<\/p>","protected":false},"excerpt":{"rendered":"<p>La Rush 2.0 Training Jacket es una chaqueta funcional de entrenamiento confeccionada con un tejido el\u00e1stico que proporciona un transporte eficiente de la humedad durante los entrenamientos intensos. La versi\u00f3n 2.0 se ha actualizado con un nuevo mater<\/p>","protected":false},"featured_media":237165,"comment_status":"open","ping_status":"closed","template":"","meta":{"_acf_changed":false},"product_brand":[10489],"product_cat":[13998],"product_tag":[],"class_list":{"0":"post-233141","1":"product","2":"type-product","3":"status-publish","4":"has-post-thumbnail","6":"product_brand-craft","7":"product_cat-n-chaquetas","8":"tm-no-options","10":"first","11":"instock","12":"taxable","13":"shipping-taxable","14":"product-type-variable"},"acf":[],"_links":{"self":[{"href":"https:\/\/grupotextil.es\/en\/wp-json\/wp\/v2\/product\/233141","targetHints":{"allow":["GET"]}}],"collection":[{"href":"https:\/\/grupotextil.es\/en\/wp-json\/wp\/v2\/product"}],"about":[{"href":"https:\/\/grupotextil.es\/en\/wp-json\/wp\/v2\/types\/product"}],"replies":[{"embeddable":true,"href":"https:\/\/grupotextil.es\/en\/wp-json\/wp\/v2\/comments?post=233141"}],"wp:featuredmedia":[{"embeddable":true,"href":"https:\/\/grupotextil.es\/en\/wp-json\/wp\/v2\/media\/237165"}],"wp:attachment":[{"href":"https:\/\/grupotextil.es\/en\/wp-json\/wp\/v2\/media?parent=233141"}],"wp:term":[{"taxonomy":"product_brand","embeddable":true,"href":"https:\/\/grupotextil.es\/en\/wp-json\/wp\/v2\/product_brand?post=233141"},{"taxonomy":"product_cat","embeddable":true,"href":"https:\/\/grupotextil.es\/en\/wp-json\/wp\/v2\/product_cat?post=233141"},{"taxonomy":"product_tag","embeddable":true,"href":"https:\/\/grupotextil.es\/en\/wp-json\/wp\/v2\/product_tag?post=233141"}],"curies":[{"name":"wp","href":"https:\/\/api.w.org\/{rel}","templated":true}]}}