{"id":233236,"date":"2026-03-04T07:38:21","date_gmt":"2026-03-04T06:38:21","guid":{"rendered":"https:\/\/grupotextil.es\/producto\/6422-chaqueta-ventair-prothermal-hv-clase-3\/"},"modified":"2026-04-19T04:07:17","modified_gmt":"2026-04-19T02:07:17","slug":"6422-chaqueta-ventair-prothermal-hv-clase-3","status":"publish","type":"product","link":"https:\/\/grupotextil.es\/en\/product\/6422-chaqueta-ventair-prothermal-hv-clase-3\/","title":{"rendered":"6422 CHAQUETA VENTAIR PROTHERMAL HV CLASE 3"},"content":{"rendered":"<p>Chaqueta acolchada de material cortaviento e impermeable con costuras selladas. Cremallera frontal bidireccional con solapa para evitar corrientes de aire y filtraciones de agua, cierre con bot\u00f3n a presi\u00f3n. Dos bolsillos frontales con solapa y forro polar, en el lado izquierdo gancho oculto para tarjeta de identificaci\u00f3n. Bolsillos laterales con solapa y cremallera, forrados de forro polar. Amplios bolsillos interiores con cremallera, bolsillo para m\u00f3vil con cierre de velcro. Capucha desmontable, ajustable en dos sentidos con cord\u00f3n. Pu\u00f1os ajustables con velcro. Chaqueta ajustable en cintura y bajo con cord\u00f3n. El forro se puede abrir para facilitar la impresi\u00f3n.<\/p>\n<p><strong>Composici\u00f3n:<\/strong> 75% Poli\u00e9ster, 25% Poliuretano. Relleno: 100% Poli\u00e9ster | <strong>Tallas:<\/strong> S-3XL (11: L-3XL)<\/p>","protected":false},"excerpt":{"rendered":"<p>Chaqueta acolchada de material cortaviento e impermeable con costuras selladas. Cremallera frontal bidireccional con solapa para evitar corrientes de aire y filtraciones de agua, cierre con bot\u00f3n a presi\u00f3n. Dos bolsillos frontales con solapa y forro<\/p>","protected":false},"featured_media":237179,"comment_status":"open","ping_status":"closed","template":"","meta":{"_acf_changed":false},"product_brand":[10531],"product_cat":[13998],"product_tag":[],"class_list":{"0":"post-233236","1":"product","2":"type-product","3":"status-publish","4":"has-post-thumbnail","6":"product_brand-projob","7":"product_cat-n-chaquetas","8":"tm-no-options","10":"first","11":"instock","12":"taxable","13":"shipping-taxable","14":"product-type-variable"},"acf":[],"_links":{"self":[{"href":"https:\/\/grupotextil.es\/en\/wp-json\/wp\/v2\/product\/233236","targetHints":{"allow":["GET"]}}],"collection":[{"href":"https:\/\/grupotextil.es\/en\/wp-json\/wp\/v2\/product"}],"about":[{"href":"https:\/\/grupotextil.es\/en\/wp-json\/wp\/v2\/types\/product"}],"replies":[{"embeddable":true,"href":"https:\/\/grupotextil.es\/en\/wp-json\/wp\/v2\/comments?post=233236"}],"wp:featuredmedia":[{"embeddable":true,"href":"https:\/\/grupotextil.es\/en\/wp-json\/wp\/v2\/media\/237179"}],"wp:attachment":[{"href":"https:\/\/grupotextil.es\/en\/wp-json\/wp\/v2\/media?parent=233236"}],"wp:term":[{"taxonomy":"product_brand","embeddable":true,"href":"https:\/\/grupotextil.es\/en\/wp-json\/wp\/v2\/product_brand?post=233236"},{"taxonomy":"product_cat","embeddable":true,"href":"https:\/\/grupotextil.es\/en\/wp-json\/wp\/v2\/product_cat?post=233236"},{"taxonomy":"product_tag","embeddable":true,"href":"https:\/\/grupotextil.es\/en\/wp-json\/wp\/v2\/product_tag?post=233236"}],"curies":[{"name":"wp","href":"https:\/\/api.w.org\/{rel}","templated":true}]}}