{"id":233242,"date":"2026-03-04T07:38:25","date_gmt":"2026-03-04T06:38:25","guid":{"rendered":"https:\/\/grupotextil.es\/producto\/northport\/"},"modified":"2026-04-26T04:06:08","modified_gmt":"2026-04-26T02:06:08","slug":"northport","status":"publish","type":"product","link":"https:\/\/grupotextil.es\/en\/product\/northport\/","title":{"rendered":"Northport"},"content":{"rendered":"<p>Nuestra chaqueta Northport est\u00e1 dise\u00f1ada para mantenerte abrigado y c\u00f3modo durante los g\u00e9lidos d\u00edas de invierno. Confeccionada con una mezcla de 62% de poli\u00e9ster reciclado y 38% de poli\u00e9ster, esta chaqueta desprende durabilidad a la vez que te mantiene elegante.  Presenta un acabado repelente al agua (C0 Bionic Finish Eco), cremalleras impermeables y un f\u00e1cil ajuste de la capucha con el cord\u00f3n el\u00e1stico para una protecci\u00f3n \u00f3ptima.  Experimenta una comodidad y calidez adicionales con el suave forro de los amplios bolsillos delanteros, las mangas con pu\u00f1os interiores y aberturas para los pulgares, mientras que la cremallera bidireccional y las aberturas laterales garantizan un movimiento sin esfuerzo all\u00e1 donde vayas. WP 5000 \/ MVP 5000: Testeado seg\u00fan las normas ISO 811:2018 y ASTM E96\/96M.<\/p>\n<p><strong>Composici\u00f3n:<\/strong> Exterior: 62% Poli\u00e9ster reciclado, 38% Poli\u00e9ster, 195 g\/m\u00b2<br \/>\nAcolchado: 100% Poli\u00e9ster reciclado<br \/>\nForro: 100% Poliamida reciclada, 38 g\/m\u00b2 | <strong>Peso:<\/strong> 195 g\/m\u00b2 | <strong>Tallas:<\/strong> S-4XL<\/p>","protected":false},"excerpt":{"rendered":"<p>Nuestra chaqueta Northport est\u00e1 dise\u00f1ada para mantenerte abrigado y c\u00f3modo durante los g\u00e9lidos d\u00edas de invierno. Confeccionada con una mezcla de 62% de poli\u00e9ster reciclado y 38% de poli\u00e9ster, esta chaqueta desprende durabilidad a la vez que te mantie<\/p>","protected":false},"featured_media":237180,"comment_status":"open","ping_status":"closed","template":"","meta":{"_acf_changed":false},"product_brand":[10521],"product_cat":[13998],"product_tag":[],"class_list":{"0":"post-233242","1":"product","2":"type-product","3":"status-publish","4":"has-post-thumbnail","6":"product_brand-james-harvest","7":"product_cat-n-chaquetas","8":"tm-no-options","10":"first","11":"instock","12":"taxable","13":"shipping-taxable","14":"product-type-variable"},"acf":[],"_links":{"self":[{"href":"https:\/\/grupotextil.es\/en\/wp-json\/wp\/v2\/product\/233242","targetHints":{"allow":["GET"]}}],"collection":[{"href":"https:\/\/grupotextil.es\/en\/wp-json\/wp\/v2\/product"}],"about":[{"href":"https:\/\/grupotextil.es\/en\/wp-json\/wp\/v2\/types\/product"}],"replies":[{"embeddable":true,"href":"https:\/\/grupotextil.es\/en\/wp-json\/wp\/v2\/comments?post=233242"}],"wp:featuredmedia":[{"embeddable":true,"href":"https:\/\/grupotextil.es\/en\/wp-json\/wp\/v2\/media\/237180"}],"wp:attachment":[{"href":"https:\/\/grupotextil.es\/en\/wp-json\/wp\/v2\/media?parent=233242"}],"wp:term":[{"taxonomy":"product_brand","embeddable":true,"href":"https:\/\/grupotextil.es\/en\/wp-json\/wp\/v2\/product_brand?post=233242"},{"taxonomy":"product_cat","embeddable":true,"href":"https:\/\/grupotextil.es\/en\/wp-json\/wp\/v2\/product_cat?post=233242"},{"taxonomy":"product_tag","embeddable":true,"href":"https:\/\/grupotextil.es\/en\/wp-json\/wp\/v2\/product_tag?post=233242"}],"curies":[{"name":"wp","href":"https:\/\/api.w.org\/{rel}","templated":true}]}}