{"id":233262,"date":"2026-03-04T07:38:38","date_gmt":"2026-03-04T06:38:38","guid":{"rendered":"https:\/\/grupotextil.es\/producto\/meadows-vest\/"},"modified":"2026-04-19T04:07:17","modified_gmt":"2026-04-19T02:07:17","slug":"meadows-vest","status":"publish","type":"product","link":"https:\/\/grupotextil.es\/en\/product\/meadows-vest\/","title":{"rendered":"Meadows Vest"},"content":{"rendered":"<p>Chaleco acolchado Meadows confeccionado con un resistente tejido exterior ripstop, fabricado con poliamida reciclada certificada. Moderno chaleco cuenta con dos bolsillos laterales con cremallera y un bolsillo con cremallera en el pecho para un almacenamiento c\u00f3modo y seguro. El canes\u00fa frontal permite una f\u00e1cil personalizaci\u00f3n. El ribete el\u00e1stico en las sisas garantiza un ajuste ce\u00f1ido, mientras que el dobladillo ajustable con cord\u00f3n el\u00e1stico proporciona una comodidad personalizable. Adem\u00e1s, el chaleco incluye un bolsillo interior con velcro y un protector de barbilla para mayor comodidad y protecci\u00f3n. WP 400: testeado seg\u00fan la norma AATCC 22.<\/p>\n<p><strong>Composici\u00f3n:<\/strong> Exterior:  100% Poliamida Reciclada, Ripstop, C.0 DWR<br \/>\nForro:  100% Poli\u00e9ster Reciclado<br \/>\nAcolchado en material reciclado<br \/>\nOeko-Tex Standard 100 | <strong>Peso:<\/strong> Shell: 38 g\/m\u00b2 &#8211; Padding: 160 g\/m\u00b2 &#8211; Lining: 37 g\/m\u00b2 | <strong>Tallas:<\/strong> S-4XL<\/p>","protected":false},"excerpt":{"rendered":"<p>Chaleco acolchado Meadows confeccionado con un resistente tejido exterior ripstop, fabricado con poliamida reciclada certificada. Moderno chaleco cuenta con dos bolsillos laterales con cremallera y un bolsillo con cremallera en el pecho para un almac<\/p>","protected":false},"featured_media":237183,"comment_status":"open","ping_status":"closed","template":"","meta":{"_acf_changed":false},"product_brand":[10521],"product_cat":[13998],"product_tag":[],"class_list":{"0":"post-233262","1":"product","2":"type-product","3":"status-publish","4":"has-post-thumbnail","6":"product_brand-james-harvest","7":"product_cat-n-chaquetas","8":"tm-no-options","10":"first","11":"instock","12":"taxable","13":"shipping-taxable","14":"product-type-variable"},"acf":[],"_links":{"self":[{"href":"https:\/\/grupotextil.es\/en\/wp-json\/wp\/v2\/product\/233262","targetHints":{"allow":["GET"]}}],"collection":[{"href":"https:\/\/grupotextil.es\/en\/wp-json\/wp\/v2\/product"}],"about":[{"href":"https:\/\/grupotextil.es\/en\/wp-json\/wp\/v2\/types\/product"}],"replies":[{"embeddable":true,"href":"https:\/\/grupotextil.es\/en\/wp-json\/wp\/v2\/comments?post=233262"}],"wp:featuredmedia":[{"embeddable":true,"href":"https:\/\/grupotextil.es\/en\/wp-json\/wp\/v2\/media\/237183"}],"wp:attachment":[{"href":"https:\/\/grupotextil.es\/en\/wp-json\/wp\/v2\/media?parent=233262"}],"wp:term":[{"taxonomy":"product_brand","embeddable":true,"href":"https:\/\/grupotextil.es\/en\/wp-json\/wp\/v2\/product_brand?post=233262"},{"taxonomy":"product_cat","embeddable":true,"href":"https:\/\/grupotextil.es\/en\/wp-json\/wp\/v2\/product_cat?post=233262"},{"taxonomy":"product_tag","embeddable":true,"href":"https:\/\/grupotextil.es\/en\/wp-json\/wp\/v2\/product_tag?post=233262"}],"curies":[{"name":"wp","href":"https:\/\/api.w.org\/{rel}","templated":true}]}}