{"id":233286,"date":"2026-03-04T07:38:53","date_gmt":"2026-03-04T06:38:53","guid":{"rendered":"https:\/\/grupotextil.es\/producto\/pinnacles\/"},"modified":"2026-04-19T04:07:17","modified_gmt":"2026-04-19T02:07:17","slug":"pinnacles","status":"publish","type":"product","link":"https:\/\/grupotextil.es\/en\/product\/pinnacles\/","title":{"rendered":"Pinnacles"},"content":{"rendered":"<p>Pinnacles, una chaqueta exterior multifuncional 3 en 1 dise\u00f1ada para ofrecer la m\u00e1xima protecci\u00f3n y comodidad en condiciones h\u00famedas. La chaqueta exterior est\u00e1 confeccionada en poli\u00e9ster reciclado, cuenta con costuras selladas y cremalleras impermeables para garantizar una resistencia total al agua. La chaqueta incluye dos bolsillos laterales con cremallera y un bolsillo con cremallera en el pecho para un almacenamiento seguro. Tanto las mangas como el dobladillo son ajustables, con velcro en las mangas y un cord\u00f3n el\u00e1stico en el dobladillo, lo que permite un ajuste personalizable. La capucha es ajustable y desmontable, lo que ofrece versatilidad, y el protector de barbilla mejora el confort al evitar las rozaduras.<\/p>\n<p>La chaqueta interior es acolchada y est\u00e1 fabricada en poliamida reciclada, y proporciona calor adicional. Tambi\u00e9n cuenta con dos bolsillos laterales con cremallera para un almacenamiento seguro e incluye un protector de barbilla para mayor comodidad. Esta combinaci\u00f3n de chubasquero funcional exterior y chaqueta interior acolchada constituye un sistema de capas vers\u00e1til y protector, ideal para diversas condiciones meteorol\u00f3gicas. WP 20 000 \/ MVP 5000: Testeado seg\u00fan las normas AATCC 22 y JIS L 1099, B1.<\/p>\n<p><strong>Composici\u00f3n:<\/strong> Chaqueta exterior: 100% poli\u00e9ster reciclado, C.0 DWR<br \/>\nChaqueta interior: Exterior: 100% Poliamida reciclada, C.0 DWR<br \/>\nForro: 100% poli\u00e9ster reciclado, C.0 WR<br \/>\nAcolchado: 95% poli\u00e9ster reciclado 5% poli\u00e9ster<br \/>\nCertificado Oeko-Tex Standard 100 | <strong>Peso:<\/strong> Outerjacket Shell: 255 g\/m\u00b2 &#8211; Innerjacket Shell: 38 g\/m\u00b2 &#8211; Padding: 160 g\/m\u00b2 in body and 100 g\/m\u00b2 in sleeves &#8211; Lining: 37 g\/m\u00b2 | <strong>Tallas:<\/strong> S-4XL<\/p>","protected":false},"excerpt":{"rendered":"<p>Pinnacles, una chaqueta exterior multifuncional 3 en 1 dise\u00f1ada para ofrecer la m\u00e1xima protecci\u00f3n y comodidad en condiciones h\u00famedas. La chaqueta exterior est\u00e1 confeccionada en poli\u00e9ster reciclado, cuenta con costuras selladas y cremalleras impermeab<\/p>","protected":false},"featured_media":237186,"comment_status":"open","ping_status":"closed","template":"","meta":{"_acf_changed":false},"product_brand":[10521],"product_cat":[13998],"product_tag":[],"class_list":{"0":"post-233286","1":"product","2":"type-product","3":"status-publish","4":"has-post-thumbnail","6":"product_brand-james-harvest","7":"product_cat-n-chaquetas","8":"tm-no-options","10":"first","11":"instock","12":"taxable","13":"shipping-taxable","14":"product-type-variable"},"acf":[],"_links":{"self":[{"href":"https:\/\/grupotextil.es\/en\/wp-json\/wp\/v2\/product\/233286","targetHints":{"allow":["GET"]}}],"collection":[{"href":"https:\/\/grupotextil.es\/en\/wp-json\/wp\/v2\/product"}],"about":[{"href":"https:\/\/grupotextil.es\/en\/wp-json\/wp\/v2\/types\/product"}],"replies":[{"embeddable":true,"href":"https:\/\/grupotextil.es\/en\/wp-json\/wp\/v2\/comments?post=233286"}],"wp:featuredmedia":[{"embeddable":true,"href":"https:\/\/grupotextil.es\/en\/wp-json\/wp\/v2\/media\/237186"}],"wp:attachment":[{"href":"https:\/\/grupotextil.es\/en\/wp-json\/wp\/v2\/media?parent=233286"}],"wp:term":[{"taxonomy":"product_brand","embeddable":true,"href":"https:\/\/grupotextil.es\/en\/wp-json\/wp\/v2\/product_brand?post=233286"},{"taxonomy":"product_cat","embeddable":true,"href":"https:\/\/grupotextil.es\/en\/wp-json\/wp\/v2\/product_cat?post=233286"},{"taxonomy":"product_tag","embeddable":true,"href":"https:\/\/grupotextil.es\/en\/wp-json\/wp\/v2\/product_tag?post=233286"}],"curies":[{"name":"wp","href":"https:\/\/api.w.org\/{rel}","templated":true}]}}