{"id":233303,"date":"2026-03-04T07:39:06","date_gmt":"2026-03-04T06:39:06","guid":{"rendered":"https:\/\/grupotextil.es\/producto\/base-lady-jacket\/"},"modified":"2026-04-19T04:07:17","modified_gmt":"2026-04-19T02:07:17","slug":"base-lady-jacket","status":"publish","type":"product","link":"https:\/\/grupotextil.es\/en\/product\/base-lady-jacket\/","title":{"rendered":"Base Lady Jacket"},"content":{"rendered":"<p>Chaqueta acolchada ligera para cualquier ocasi\u00f3n. Dise\u00f1ada con un corte recto y acolchada con din\u00e1micas l\u00edneas diagonales, Base combina estilo y funcionalidad.  Con capucha desmontable y ribetes el\u00e1sticos, esta chaqueta ofrece versatilidad y comodidad. La parte superior del pecho y la espalda est\u00e1n estrat\u00e9gicamente dise\u00f1adas para mostrar tu personalizaci\u00f3n.  Confeccionada en poliamida 100% reciclada certificada, Base no solo es respetuosa con el medio ambiente, sino que tambi\u00e9n cuenta con la certificaci\u00f3n Oeko-Tex 100.<\/p>\n<p>Se presenta en bolsa compostable de base biol\u00f3gica.<\/p>\n<p><strong>Composici\u00f3n:<\/strong> Exterior: 100% poliamida reciclada<br \/>\nForro: 100% poli\u00e9ster reciclado<br \/>\nAcolchado: 100% poli\u00e9ster reciclado<br \/>\nOeko-Tex Standard 100 | <strong>Peso:<\/strong> Shell: 38 g\/m\u00b2, lining 37 g\/m\u00b2 | <strong>Tallas:<\/strong> XS-XXL<\/p>","protected":false},"excerpt":{"rendered":"<p>Chaqueta acolchada ligera para cualquier ocasi\u00f3n. Dise\u00f1ada con un corte recto y acolchada con din\u00e1micas l\u00edneas diagonales, Base combina estilo y funcionalidad.  Con capucha desmontable y ribetes el\u00e1sticos, esta chaqueta ofrece versatilidad y comodida<\/p>","protected":false},"featured_media":237188,"comment_status":"open","ping_status":"closed","template":"","meta":{"_acf_changed":false},"product_brand":[10522],"product_cat":[13998],"product_tag":[],"class_list":{"0":"post-233303","1":"product","2":"type-product","3":"status-publish","4":"has-post-thumbnail","6":"product_brand-printer","7":"product_cat-n-chaquetas","8":"tm-no-options","10":"first","11":"instock","12":"taxable","13":"shipping-taxable","14":"product-type-variable"},"acf":[],"_links":{"self":[{"href":"https:\/\/grupotextil.es\/en\/wp-json\/wp\/v2\/product\/233303","targetHints":{"allow":["GET"]}}],"collection":[{"href":"https:\/\/grupotextil.es\/en\/wp-json\/wp\/v2\/product"}],"about":[{"href":"https:\/\/grupotextil.es\/en\/wp-json\/wp\/v2\/types\/product"}],"replies":[{"embeddable":true,"href":"https:\/\/grupotextil.es\/en\/wp-json\/wp\/v2\/comments?post=233303"}],"wp:featuredmedia":[{"embeddable":true,"href":"https:\/\/grupotextil.es\/en\/wp-json\/wp\/v2\/media\/237188"}],"wp:attachment":[{"href":"https:\/\/grupotextil.es\/en\/wp-json\/wp\/v2\/media?parent=233303"}],"wp:term":[{"taxonomy":"product_brand","embeddable":true,"href":"https:\/\/grupotextil.es\/en\/wp-json\/wp\/v2\/product_brand?post=233303"},{"taxonomy":"product_cat","embeddable":true,"href":"https:\/\/grupotextil.es\/en\/wp-json\/wp\/v2\/product_cat?post=233303"},{"taxonomy":"product_tag","embeddable":true,"href":"https:\/\/grupotextil.es\/en\/wp-json\/wp\/v2\/product_tag?post=233303"}],"curies":[{"name":"wp","href":"https:\/\/api.w.org\/{rel}","templated":true}]}}