{"id":233334,"date":"2026-03-04T07:39:26","date_gmt":"2026-03-04T06:39:26","guid":{"rendered":"https:\/\/grupotextil.es\/producto\/scarsdale-jacket-women\/"},"modified":"2026-04-26T04:06:08","modified_gmt":"2026-04-26T02:06:08","slug":"scarsdale-jacket-women","status":"publish","type":"product","link":"https:\/\/grupotextil.es\/en\/product\/scarsdale-jacket-women\/","title":{"rendered":"Scarsdale Jacket Women"},"content":{"rendered":"<p>Chaqueta Scarsdale, una interpretaci\u00f3n moderna del atemporal estilo bomber. Fabricada en poli\u00e9ster reciclado certificado, esta chaqueta ligera es perfecta para los meses m\u00e1s fr\u00edos, ya que ofrece estilo y comodidad. Al igual que su chaleco, presenta un elegante acolchado vertical que le da un toque contempor\u00e1neo. El cuello, los pu\u00f1os y el dobladillo de suave canal\u00e9, con rayas en contraste de la paleta de colores de la colecci\u00f3n, a\u00f1aden un detalle elegante y distintivo.<\/p>\n<p>Adem\u00e1s, cuenta con un acabado repelente al agua C0 Bionic Finish Eco.<\/p>\n<p><strong>Composici\u00f3n:<\/strong> Exterior: 100% poli\u00e9ster reciclado<br \/>\nRelleno: 95% poli\u00e9ster reciclado, 5% poli\u00e9ster, Bluesign<br \/>\nForro: 100% poli\u00e9ster reciclado | <strong>Peso:<\/strong> Shell: 82 g\/m\u00b2 &#8211; Padding Body: 160 g\/m\u00b2 &#8211; Padding Sleeves: 140 g\/m\u00b2 &#8211; Lining: 37 g\/m\u00b2 | <strong>Tallas:<\/strong> XS-3XL<\/p>","protected":false},"excerpt":{"rendered":"<p>Chaqueta Scarsdale, una interpretaci\u00f3n moderna del atemporal estilo bomber. Fabricada en poli\u00e9ster reciclado certificado, esta chaqueta ligera es perfecta para los meses m\u00e1s fr\u00edos, ya que ofrece estilo y comodidad. Al igual que su chaleco, presenta u<\/p>","protected":false},"featured_media":237193,"comment_status":"open","ping_status":"closed","template":"","meta":{"_acf_changed":false},"product_brand":[10521],"product_cat":[13998],"product_tag":[],"class_list":{"0":"post-233334","1":"product","2":"type-product","3":"status-publish","4":"has-post-thumbnail","6":"product_brand-james-harvest","7":"product_cat-n-chaquetas","8":"tm-no-options","10":"first","11":"instock","12":"taxable","13":"shipping-taxable","14":"product-type-variable"},"acf":[],"_links":{"self":[{"href":"https:\/\/grupotextil.es\/en\/wp-json\/wp\/v2\/product\/233334","targetHints":{"allow":["GET"]}}],"collection":[{"href":"https:\/\/grupotextil.es\/en\/wp-json\/wp\/v2\/product"}],"about":[{"href":"https:\/\/grupotextil.es\/en\/wp-json\/wp\/v2\/types\/product"}],"replies":[{"embeddable":true,"href":"https:\/\/grupotextil.es\/en\/wp-json\/wp\/v2\/comments?post=233334"}],"wp:featuredmedia":[{"embeddable":true,"href":"https:\/\/grupotextil.es\/en\/wp-json\/wp\/v2\/media\/237193"}],"wp:attachment":[{"href":"https:\/\/grupotextil.es\/en\/wp-json\/wp\/v2\/media?parent=233334"}],"wp:term":[{"taxonomy":"product_brand","embeddable":true,"href":"https:\/\/grupotextil.es\/en\/wp-json\/wp\/v2\/product_brand?post=233334"},{"taxonomy":"product_cat","embeddable":true,"href":"https:\/\/grupotextil.es\/en\/wp-json\/wp\/v2\/product_cat?post=233334"},{"taxonomy":"product_tag","embeddable":true,"href":"https:\/\/grupotextil.es\/en\/wp-json\/wp\/v2\/product_tag?post=233334"}],"curies":[{"name":"wp","href":"https:\/\/api.w.org\/{rel}","templated":true}]}}