{"id":233504,"date":"2026-03-04T07:41:20","date_gmt":"2026-03-04T06:41:20","guid":{"rendered":"https:\/\/grupotextil.es\/producto\/arches-woman\/"},"modified":"2026-04-26T04:06:10","modified_gmt":"2026-04-26T02:06:10","slug":"arches-woman","status":"publish","type":"product","link":"https:\/\/grupotextil.es\/en\/product\/arches-woman\/","title":{"rendered":"Arches Woman"},"content":{"rendered":"<p>Chaqueta acolchada, dise\u00f1ada para ofrecer una comodidad y funcionalidad inigualables, fabricada en poli\u00e9ster reciclado. Esta moderna chaqueta sin capucha presenta bolsillos con cremallera ocultos en las costuras y un canes\u00fa delantero y trasero para personalizarla f\u00e1cilmente y hacerla \u00fanica. Las mangas con pu\u00f1os el\u00e1sticos garantizan un ajuste ce\u00f1ido, mientras que el dobladillo ajustable con cord\u00f3n el\u00e1stico proporciona una comodidad personalizable. Para mayor comodidad, dispone de un bolsillo interior con cremallera para guardar tus objetos personales y un protector de barbilla para mayor confort. Tambi\u00e9n cuenta con un acabado repelente al agua libre de PFAS. WP 400: testeado seg\u00fan la norma AATCC 22.<\/p>\n<p><strong>Composici\u00f3n:<\/strong> Exterior: 100% Poli\u00e9ster Reciclado, C.0 DWR<br \/>\nForro:  100% Poli\u00e9ster Reciclado<br \/>\nAcolchado Calidad Reciclada<br \/>\nOeko-Tex Standard 100 | <strong>Peso:<\/strong> Shell: 82 g\/m\u00b2 &#8211; Padding: 160 g\/m\u00b2 in body, 140 g\/m\u00b2 in sleeves &#8211; Lining: 37 g\/m\u00b2 | <strong>Tallas:<\/strong> S-XXL<\/p>","protected":false},"excerpt":{"rendered":"<p>Chaqueta acolchada, dise\u00f1ada para ofrecer una comodidad y funcionalidad inigualables, fabricada en poli\u00e9ster reciclado. Esta moderna chaqueta sin capucha presenta bolsillos con cremallera ocultos en las costuras y un canes\u00fa delantero y trasero para p<\/p>","protected":false},"featured_media":237226,"comment_status":"open","ping_status":"closed","template":"","meta":{"_acf_changed":false},"product_brand":[10521],"product_cat":[13998],"product_tag":[],"class_list":{"0":"post-233504","1":"product","2":"type-product","3":"status-publish","4":"has-post-thumbnail","6":"product_brand-james-harvest","7":"product_cat-n-chaquetas","8":"tm-no-options","10":"first","11":"instock","12":"taxable","13":"shipping-taxable","14":"product-type-variable"},"acf":[],"_links":{"self":[{"href":"https:\/\/grupotextil.es\/en\/wp-json\/wp\/v2\/product\/233504","targetHints":{"allow":["GET"]}}],"collection":[{"href":"https:\/\/grupotextil.es\/en\/wp-json\/wp\/v2\/product"}],"about":[{"href":"https:\/\/grupotextil.es\/en\/wp-json\/wp\/v2\/types\/product"}],"replies":[{"embeddable":true,"href":"https:\/\/grupotextil.es\/en\/wp-json\/wp\/v2\/comments?post=233504"}],"wp:featuredmedia":[{"embeddable":true,"href":"https:\/\/grupotextil.es\/en\/wp-json\/wp\/v2\/media\/237226"}],"wp:attachment":[{"href":"https:\/\/grupotextil.es\/en\/wp-json\/wp\/v2\/media?parent=233504"}],"wp:term":[{"taxonomy":"product_brand","embeddable":true,"href":"https:\/\/grupotextil.es\/en\/wp-json\/wp\/v2\/product_brand?post=233504"},{"taxonomy":"product_cat","embeddable":true,"href":"https:\/\/grupotextil.es\/en\/wp-json\/wp\/v2\/product_cat?post=233504"},{"taxonomy":"product_tag","embeddable":true,"href":"https:\/\/grupotextil.es\/en\/wp-json\/wp\/v2\/product_tag?post=233504"}],"curies":[{"name":"wp","href":"https:\/\/api.w.org\/{rel}","templated":true}]}}