{"id":233534,"date":"2026-03-04T07:41:42","date_gmt":"2026-03-04T06:41:42","guid":{"rendered":"https:\/\/grupotextil.es\/producto\/5455-chaqueta\/"},"modified":"2026-04-26T04:06:10","modified_gmt":"2026-04-26T02:06:10","slug":"5455-chaqueta","status":"publish","type":"product","link":"https:\/\/grupotextil.es\/en\/product\/5455-chaqueta\/","title":{"rendered":"5455 CHAQUETA"},"content":{"rendered":"<p>Cazadora cortaviento e impermeable con costuras selladas, confeccionada en material rip-stop. Cremallera bidireccional en la parte delantera con solapa para evitar corrientes de aire y filtraciones de agua, cierre con botones autom\u00e1ticos. Bolsillos de pecho a ambos lados con cremallera, el izquierdo con soporte interno para tarjeta de identificaci\u00f3n. Bolsillos laterales con cremallera. Bolsillos interiores en ambos lados con cremallera, en el lado izquierdo un bolsillo abierto con cierre de velcro. Capucha desmontable, ajustable en dos sentidos con cord\u00f3n. Pu\u00f1os ajustables con velcro, tambi\u00e9n con agarre interno para el pulgar. Dobladillo de la chaqueta ajustable con cord\u00f3n. El forro se puede abrir para facilitar la impresi\u00f3n.<\/p>\n<p><strong>Composici\u00f3n:<\/strong> 80% poli\u00e9ster, 20% algod\u00f3n | <strong>Tallas:<\/strong> XS-4XL<\/p>","protected":false},"excerpt":{"rendered":"<p>Cazadora cortaviento e impermeable con costuras selladas, confeccionada en material rip-stop. Cremallera bidireccional en la parte delantera con solapa para evitar corrientes de aire y filtraciones de agua, cierre con botones autom\u00e1ticos. Bolsillos d<\/p>","protected":false},"featured_media":237230,"comment_status":"open","ping_status":"closed","template":"","meta":{"_acf_changed":false},"product_brand":[10531],"product_cat":[15147],"product_tag":[],"class_list":{"0":"post-233534","1":"product","2":"type-product","3":"status-publish","4":"has-post-thumbnail","6":"product_brand-projob","7":"product_cat-new-wave","8":"tm-no-options","10":"first","11":"instock","12":"taxable","13":"shipping-taxable","14":"product-type-variable"},"acf":[],"_links":{"self":[{"href":"https:\/\/grupotextil.es\/en\/wp-json\/wp\/v2\/product\/233534","targetHints":{"allow":["GET"]}}],"collection":[{"href":"https:\/\/grupotextil.es\/en\/wp-json\/wp\/v2\/product"}],"about":[{"href":"https:\/\/grupotextil.es\/en\/wp-json\/wp\/v2\/types\/product"}],"replies":[{"embeddable":true,"href":"https:\/\/grupotextil.es\/en\/wp-json\/wp\/v2\/comments?post=233534"}],"wp:featuredmedia":[{"embeddable":true,"href":"https:\/\/grupotextil.es\/en\/wp-json\/wp\/v2\/media\/237230"}],"wp:attachment":[{"href":"https:\/\/grupotextil.es\/en\/wp-json\/wp\/v2\/media?parent=233534"}],"wp:term":[{"taxonomy":"product_brand","embeddable":true,"href":"https:\/\/grupotextil.es\/en\/wp-json\/wp\/v2\/product_brand?post=233534"},{"taxonomy":"product_cat","embeddable":true,"href":"https:\/\/grupotextil.es\/en\/wp-json\/wp\/v2\/product_cat?post=233534"},{"taxonomy":"product_tag","embeddable":true,"href":"https:\/\/grupotextil.es\/en\/wp-json\/wp\/v2\/product_tag?post=233534"}],"curies":[{"name":"wp","href":"https:\/\/api.w.org\/{rel}","templated":true}]}}