{"id":233609,"date":"2026-03-04T07:42:35","date_gmt":"2026-03-04T06:42:35","guid":{"rendered":"https:\/\/grupotextil.es\/producto\/7417-chaqueta-softshell-mujer7417-chaqueta-softshell-mujer-9910-vis\/"},"modified":"2026-04-19T04:07:19","modified_gmt":"2026-04-19T02:07:19","slug":"7417-chaqueta-softshell-mujer7417-chaqueta-softshell-mujer-9910-vis","status":"publish","type":"product","link":"https:\/\/grupotextil.es\/en\/product\/7417-chaqueta-softshell-mujer7417-chaqueta-softshell-mujer-9910-vis\/","title":{"rendered":"7417 CHAQUETA SOFTSHELL MUJER\n7417 CHAQUETA SOFTSHELL MUJER 9910-VIS"},"content":{"rendered":"<p>Chaqueta funcional en material softshell repelente al viento y al agua, la cremallera frontal est\u00e1 cubierta con una solapa para evitar corrientes de aire y filtraciones de agua. Bolsillo en el pecho en el lado derecho con soporte interno para sujetar la tarjeta de identificaci\u00f3n, tambi\u00e9n bolsillos laterales en ambos lados con cierre de cremallera. Bolsillos interiores abiertos. Espalda alargada. Capucha desmontable, ajustable con cord\u00f3n. Pu\u00f1os ajustables con velcro y cintura ajustable con cord\u00f3n. Bolsillo para chip de lavander\u00eda en la costura lateral izquierda interior.<\/p>\n<p>Probado para lavado industrial seg\u00fan ISO 15797<\/p>\n<p>Mayor visibilidad EN 17353<\/p>\n<p>Certificado Oeko-Tex 100<\/p>\n<p>Se suministra en una bolsa compostable de base biol\u00f3gica<\/p>\n<p><strong>Composici\u00f3n:<\/strong> 96% poli\u00e9ster reciclado, 4% spandex + 100% poli\u00e9ster reciclado | <strong>Peso:<\/strong> 280 g\/m\u00b2 | <strong>Tallas:<\/strong> XS-3XL<\/p>","protected":false},"excerpt":{"rendered":"<p>Chaqueta funcional en material softshell repelente al viento y al agua, la cremallera frontal est\u00e1 cubierta con una solapa para evitar corrientes de aire y filtraciones de agua. Bolsillo en el pecho en el lado derecho con soporte interno para sujetar<\/p>","protected":false},"featured_media":237240,"comment_status":"open","ping_status":"closed","template":"","meta":{"_acf_changed":false},"product_brand":[10531],"product_cat":[15147],"product_tag":[],"class_list":{"0":"post-233609","1":"product","2":"type-product","3":"status-publish","4":"has-post-thumbnail","6":"product_brand-projob","7":"product_cat-new-wave","8":"tm-no-options","10":"first","11":"instock","12":"taxable","13":"shipping-taxable","14":"product-type-variable"},"acf":[],"_links":{"self":[{"href":"https:\/\/grupotextil.es\/en\/wp-json\/wp\/v2\/product\/233609","targetHints":{"allow":["GET"]}}],"collection":[{"href":"https:\/\/grupotextil.es\/en\/wp-json\/wp\/v2\/product"}],"about":[{"href":"https:\/\/grupotextil.es\/en\/wp-json\/wp\/v2\/types\/product"}],"replies":[{"embeddable":true,"href":"https:\/\/grupotextil.es\/en\/wp-json\/wp\/v2\/comments?post=233609"}],"wp:featuredmedia":[{"embeddable":true,"href":"https:\/\/grupotextil.es\/en\/wp-json\/wp\/v2\/media\/237240"}],"wp:attachment":[{"href":"https:\/\/grupotextil.es\/en\/wp-json\/wp\/v2\/media?parent=233609"}],"wp:term":[{"taxonomy":"product_brand","embeddable":true,"href":"https:\/\/grupotextil.es\/en\/wp-json\/wp\/v2\/product_brand?post=233609"},{"taxonomy":"product_cat","embeddable":true,"href":"https:\/\/grupotextil.es\/en\/wp-json\/wp\/v2\/product_cat?post=233609"},{"taxonomy":"product_tag","embeddable":true,"href":"https:\/\/grupotextil.es\/en\/wp-json\/wp\/v2\/product_tag?post=233609"}],"curies":[{"name":"wp","href":"https:\/\/api.w.org\/{rel}","templated":true}]}}