{"id":233625,"date":"2026-03-04T07:42:44","date_gmt":"2026-03-04T06:42:44","guid":{"rendered":"https:\/\/grupotextil.es\/producto\/7418-chaqueta-softshell-acolchada7418-chaqueta-softshell-acolchada-9910-vis\/"},"modified":"2026-04-19T04:07:19","modified_gmt":"2026-04-19T02:07:19","slug":"7418-chaqueta-softshell-acolchada7418-chaqueta-softshell-acolchada-9910-vis","status":"publish","type":"product","link":"https:\/\/grupotextil.es\/en\/product\/7418-chaqueta-softshell-acolchada7418-chaqueta-softshell-acolchada-9910-vis\/","title":{"rendered":"7418 CHAQUETA SOFTSHELL ACOLCHADA\n7418 CHAQUETA SOFTSHELL ACOLCHADA 9910-VIS"},"content":{"rendered":"<p>Chaqueta funcional acolchada en material softshell repelente al viento y al agua, cremallera frontal cubierta con solapa para evitar corrientes de aire y filtraciones de agua. Bolsillo en el pecho en el lado derecho con soporte interno para sujetar la tarjeta de identificaci\u00f3n, tambi\u00e9n bolsillos laterales en ambos lados con cierre de cremallera, forrados con forro polar. Bolsillos interiores a ambos lados con cierre de velcro. Espalda alargada. Capucha desmontable, ajustable con cord\u00f3n. Pu\u00f1os ajustables con velcro, pu\u00f1o interior extra para evitar el fr\u00edo. Cintura ajustable con cord\u00f3n. Bolsillo para chip de lavander\u00eda en la costura lateral izquierda interior.<\/p>\n<p>Probado para lavado industrial seg\u00fan ISO 15797<\/p>\n<p>Mayor visibilidad EN 17353<\/p>\n<p>Certificado Oeko-Tex 100<\/p>\n<p>Se suministra en una bolsa compostable de base biol\u00f3gica<\/p>\n<p><strong>Composici\u00f3n:<\/strong> 96% Poli\u00e9ster reciclado, 4% elastano + 100% poli\u00e9ster reciclado &#8211; 280 g\/m2 Acolchado: 100% poli\u00e9ster reciclado Primaloft &#8211; 80 g\/m2 Forro: 100% poli\u00e9ster reciclado | <strong>Peso:<\/strong> 280 g\/m\u00b2 | <strong>Tallas:<\/strong> XS-3XL<\/p>","protected":false},"excerpt":{"rendered":"<p>Chaqueta funcional acolchada en material softshell repelente al viento y al agua, cremallera frontal cubierta con solapa para evitar corrientes de aire y filtraciones de agua. Bolsillo en el pecho en el lado derecho con soporte interno para sujetar l<\/p>","protected":false},"featured_media":237242,"comment_status":"open","ping_status":"closed","template":"","meta":{"_acf_changed":false},"product_brand":[10531],"product_cat":[13998],"product_tag":[],"class_list":{"0":"post-233625","1":"product","2":"type-product","3":"status-publish","4":"has-post-thumbnail","6":"product_brand-projob","7":"product_cat-n-chaquetas","8":"tm-no-options","10":"first","11":"instock","12":"taxable","13":"shipping-taxable","14":"product-type-variable"},"acf":[],"_links":{"self":[{"href":"https:\/\/grupotextil.es\/en\/wp-json\/wp\/v2\/product\/233625","targetHints":{"allow":["GET"]}}],"collection":[{"href":"https:\/\/grupotextil.es\/en\/wp-json\/wp\/v2\/product"}],"about":[{"href":"https:\/\/grupotextil.es\/en\/wp-json\/wp\/v2\/types\/product"}],"replies":[{"embeddable":true,"href":"https:\/\/grupotextil.es\/en\/wp-json\/wp\/v2\/comments?post=233625"}],"wp:featuredmedia":[{"embeddable":true,"href":"https:\/\/grupotextil.es\/en\/wp-json\/wp\/v2\/media\/237242"}],"wp:attachment":[{"href":"https:\/\/grupotextil.es\/en\/wp-json\/wp\/v2\/media?parent=233625"}],"wp:term":[{"taxonomy":"product_brand","embeddable":true,"href":"https:\/\/grupotextil.es\/en\/wp-json\/wp\/v2\/product_brand?post=233625"},{"taxonomy":"product_cat","embeddable":true,"href":"https:\/\/grupotextil.es\/en\/wp-json\/wp\/v2\/product_cat?post=233625"},{"taxonomy":"product_tag","embeddable":true,"href":"https:\/\/grupotextil.es\/en\/wp-json\/wp\/v2\/product_tag?post=233625"}],"curies":[{"name":"wp","href":"https:\/\/api.w.org\/{rel}","templated":true}]}}