{"id":233710,"date":"2026-03-04T07:43:45","date_gmt":"2026-03-04T06:43:45","guid":{"rendered":"https:\/\/grupotextil.es\/producto\/explore-padded-jacket-w\/"},"modified":"2026-04-26T04:06:11","modified_gmt":"2026-04-26T02:06:11","slug":"explore-padded-jacket-w","status":"publish","type":"product","link":"https:\/\/grupotextil.es\/en\/product\/explore-padded-jacket-w\/","title":{"rendered":"Explore Padded Jacket W"},"content":{"rendered":"<p>La chaqueta acolchada Explore es una prenda c\u00e1lida, cortaviento y repelente al agua que ofrece un excelente aislamiento y comodidad para las actividades al aire libre m\u00e1s exigentes.<\/p>\n<p>Con un aislamiento PrimaLoft de alto rendimiento y un tejido exterior repelente al agua, esta chaqueta altamente funcional proporciona una calidez y una protecci\u00f3n excepcionales en condiciones de fr\u00edo y nieve. La chaqueta tambi\u00e9n cuenta con forro de malla 3D en la espalda para una ventilaci\u00f3n eficaz, capucha ajustable y multitud de pr\u00e1cticos bolsillos, incluido un bolsillo para el forfait.<\/p>\n<p>\u2022 Tejido exterior cortaviento e hidr\u00f3fugo con acabado WR (WP 8.000\/MVP 8.000)<\/p>\n<p>\u2022 Aislamiento PrimaLoft fabricado con poli\u00e9ster 100\u00a0% reciclado<\/p>\n<p>\u2022 Forro de malla 3D en la espalda<\/p>\n<p>\u2022 Cord\u00f3n ajustable en la parte inferior<\/p>\n<p>\u2022 Dos bolsillos laterales con cremallera<\/p>\n<p>\u2022 Bolsillo con cremallera en el pecho<\/p>\n<p>\u2022 Bolsillo para forfait<\/p>\n<p>\u2022 Dos grandes bolsillos interiores de malla para mapa, guantes adicionales, etc.<\/p>\n<p>\u2022 Bolsillo interior con cremallera<\/p>\n<p>\u2022 Ajuste regular<\/p>\n<p><strong>Composici\u00f3n:<\/strong> Main 55% Poli\u00e9ster, 45% Poli\u00e9ster reciclado, Side Panels100% Poli\u00e9ster reciclado, Lining 100% Poli\u00e9ster reciclado, Padding 100% Poli\u00e9ster reciclado | <strong>Tallas:<\/strong> XS-XXL<\/p>","protected":false},"excerpt":{"rendered":"<p>La chaqueta acolchada Explore es una prenda c\u00e1lida, cortaviento y repelente al agua que ofrece un excelente aislamiento y comodidad para las actividades al aire libre m\u00e1s exigentes.<\/p>","protected":false},"featured_media":237256,"comment_status":"open","ping_status":"closed","template":"","meta":{"_acf_changed":false},"product_brand":[10489],"product_cat":[13998],"product_tag":[],"class_list":{"0":"post-233710","1":"product","2":"type-product","3":"status-publish","4":"has-post-thumbnail","6":"product_brand-craft","7":"product_cat-n-chaquetas","8":"tm-no-options","10":"first","11":"instock","12":"taxable","13":"shipping-taxable","14":"product-type-variable"},"acf":[],"_links":{"self":[{"href":"https:\/\/grupotextil.es\/en\/wp-json\/wp\/v2\/product\/233710","targetHints":{"allow":["GET"]}}],"collection":[{"href":"https:\/\/grupotextil.es\/en\/wp-json\/wp\/v2\/product"}],"about":[{"href":"https:\/\/grupotextil.es\/en\/wp-json\/wp\/v2\/types\/product"}],"replies":[{"embeddable":true,"href":"https:\/\/grupotextil.es\/en\/wp-json\/wp\/v2\/comments?post=233710"}],"wp:featuredmedia":[{"embeddable":true,"href":"https:\/\/grupotextil.es\/en\/wp-json\/wp\/v2\/media\/237256"}],"wp:attachment":[{"href":"https:\/\/grupotextil.es\/en\/wp-json\/wp\/v2\/media?parent=233710"}],"wp:term":[{"taxonomy":"product_brand","embeddable":true,"href":"https:\/\/grupotextil.es\/en\/wp-json\/wp\/v2\/product_brand?post=233710"},{"taxonomy":"product_cat","embeddable":true,"href":"https:\/\/grupotextil.es\/en\/wp-json\/wp\/v2\/product_cat?post=233710"},{"taxonomy":"product_tag","embeddable":true,"href":"https:\/\/grupotextil.es\/en\/wp-json\/wp\/v2\/product_tag?post=233710"}],"curies":[{"name":"wp","href":"https:\/\/api.w.org\/{rel}","templated":true}]}}