{"id":233715,"date":"2026-03-04T07:43:49","date_gmt":"2026-03-04T06:43:49","guid":{"rendered":"https:\/\/grupotextil.es\/producto\/signature-suit-blazer\/"},"modified":"2026-04-26T04:06:11","modified_gmt":"2026-04-26T02:06:11","slug":"signature-suit-blazer","status":"publish","type":"product","link":"https:\/\/grupotextil.es\/en\/product\/signature-suit-blazer\/","title":{"rendered":"Signature Suit Blazer"},"content":{"rendered":"<p>Blazer con aspecto formal cl\u00e1sico, confeccionado con un moderno tejido el\u00e1stico en material Preferred. La mezcla de materiales resiste las arrugas y te ofrece una libertad de movimiento ilimitada gracias a su elasticidad de 360 grados. El blazer est\u00e1 totalmente forrado y cuenta con hombros de construcci\u00f3n suave. Comb\u00ednalo con los pantalones y chaleco Signature para completar el traje.<\/p>\n<p><strong>Composici\u00f3n:<\/strong> 63% POLI\u00c9STER RECICLADO, 33% VISCOSA LENZING\u2122 ECOVERO\u2122 , 4% ELASTANO | <strong>Peso:<\/strong> 260 gsm | <strong>Tallas:<\/strong> 44-56S<\/p>","protected":false},"excerpt":{"rendered":"<p>Blazer con aspecto formal cl\u00e1sico, confeccionado con un moderno tejido el\u00e1stico en material Preferred. La mezcla de materiales resiste las arrugas y te ofrece una libertad de movimiento ilimitada gracias a su elasticidad de 360 grados. El blazer est\u00e1<\/p>","protected":false},"featured_media":237257,"comment_status":"open","ping_status":"closed","template":"","meta":{"_acf_changed":false},"product_brand":[10563],"product_cat":[15147],"product_tag":[],"class_list":{"0":"post-233715","1":"product","2":"type-product","3":"status-publish","4":"has-post-thumbnail","6":"product_brand-j-harvest-frost","7":"product_cat-new-wave","8":"tm-no-options","10":"first","11":"instock","12":"taxable","13":"shipping-taxable","14":"product-type-variable"},"acf":[],"_links":{"self":[{"href":"https:\/\/grupotextil.es\/en\/wp-json\/wp\/v2\/product\/233715","targetHints":{"allow":["GET"]}}],"collection":[{"href":"https:\/\/grupotextil.es\/en\/wp-json\/wp\/v2\/product"}],"about":[{"href":"https:\/\/grupotextil.es\/en\/wp-json\/wp\/v2\/types\/product"}],"replies":[{"embeddable":true,"href":"https:\/\/grupotextil.es\/en\/wp-json\/wp\/v2\/comments?post=233715"}],"wp:featuredmedia":[{"embeddable":true,"href":"https:\/\/grupotextil.es\/en\/wp-json\/wp\/v2\/media\/237257"}],"wp:attachment":[{"href":"https:\/\/grupotextil.es\/en\/wp-json\/wp\/v2\/media?parent=233715"}],"wp:term":[{"taxonomy":"product_brand","embeddable":true,"href":"https:\/\/grupotextil.es\/en\/wp-json\/wp\/v2\/product_brand?post=233715"},{"taxonomy":"product_cat","embeddable":true,"href":"https:\/\/grupotextil.es\/en\/wp-json\/wp\/v2\/product_cat?post=233715"},{"taxonomy":"product_tag","embeddable":true,"href":"https:\/\/grupotextil.es\/en\/wp-json\/wp\/v2\/product_tag?post=233715"}],"curies":[{"name":"wp","href":"https:\/\/api.w.org\/{rel}","templated":true}]}}