{"id":252595,"date":"2026-03-05T03:19:10","date_gmt":"2026-03-05T02:19:10","guid":{"rendered":"https:\/\/grupotextil.es\/producto\/neoblu-eugene\/"},"modified":"2026-03-05T04:28:08","modified_gmt":"2026-03-05T03:28:08","slug":"neoblu-eugene","status":"publish","type":"product","link":"https:\/\/grupotextil.es\/en\/product\/neoblu-eugene\/","title":{"rendered":"NEOBLU EUGENE"},"content":{"rendered":"<p><strong>Composici\u00f3n:<\/strong> Polialgod\u00f3n &#8211; 65% poli\u00e9ster reciclado &#8211; 35% algod\u00f3n <br \/>Suave y c\u00f3moda<\/p>\n<p><strong>Caracter\u00edsticas:<\/strong> Manga larga<br \/>Pu\u00f1os anchos con abertura<br \/>Bolsillo de parche con doble compartimento en el brazo izquierdo<br \/>Costuras laterales en la espalda<br \/>Abertura con autom\u00e1ticos en el lado derecho<br \/>Paneles transpirables en las sisas<\/p>\n<p><strong>Tallas disponibles:<\/strong> XL,M,4XL,XS,XXL,L,5XL,S,3XL<\/p>\n<p><strong>Propiedades:<\/strong> twin, easy care<\/p>\n<p><strong>Cuidado:<\/strong> 60\u00b0 \u00b7 Planchar a media temperatura \u00b7 No se puede usar lej\u00eda<\/p>\n<p><strong>G\u00e9nero:<\/strong> Hombre,Twin<\/p>","protected":false},"excerpt":{"rendered":"<p>CHAQUETILLA DE COCINA PARA\u00a0HOMBRE<\/p>","protected":false},"featured_media":252596,"comment_status":"open","ping_status":"closed","template":"","meta":{"_acf_changed":false},"product_brand":[14014],"product_cat":[13954,13974,13975,13973],"product_tag":[],"class_list":{"0":"post-252595","1":"product","2":"type-product","3":"status-publish","4":"has-post-thumbnail","6":"product_brand-neoblu","7":"product_cat-acc-bolsas-y-mochilas","8":"product_cat-ropa-hombre","9":"product_cat-ropa-mujer","10":"product_cat-ropa","11":"tm-no-options","13":"first","14":"instock","15":"taxable","16":"shipping-taxable","17":"product-type-variable"},"acf":[],"_links":{"self":[{"href":"https:\/\/grupotextil.es\/en\/wp-json\/wp\/v2\/product\/252595","targetHints":{"allow":["GET"]}}],"collection":[{"href":"https:\/\/grupotextil.es\/en\/wp-json\/wp\/v2\/product"}],"about":[{"href":"https:\/\/grupotextil.es\/en\/wp-json\/wp\/v2\/types\/product"}],"replies":[{"embeddable":true,"href":"https:\/\/grupotextil.es\/en\/wp-json\/wp\/v2\/comments?post=252595"}],"wp:featuredmedia":[{"embeddable":true,"href":"https:\/\/grupotextil.es\/en\/wp-json\/wp\/v2\/media\/252596"}],"wp:attachment":[{"href":"https:\/\/grupotextil.es\/en\/wp-json\/wp\/v2\/media?parent=252595"}],"wp:term":[{"taxonomy":"product_brand","embeddable":true,"href":"https:\/\/grupotextil.es\/en\/wp-json\/wp\/v2\/product_brand?post=252595"},{"taxonomy":"product_cat","embeddable":true,"href":"https:\/\/grupotextil.es\/en\/wp-json\/wp\/v2\/product_cat?post=252595"},{"taxonomy":"product_tag","embeddable":true,"href":"https:\/\/grupotextil.es\/en\/wp-json\/wp\/v2\/product_tag?post=252595"}],"curies":[{"name":"wp","href":"https:\/\/api.w.org\/{rel}","templated":true}]}}