{"id":293399,"date":"2026-03-06T01:27:25","date_gmt":"2026-03-06T01:27:25","guid":{"rendered":"https:\/\/grupotextil.es\/?post_type=product&#038;p=293399"},"modified":"2026-03-06T01:27:25","modified_gmt":"2026-03-06T01:27:25","slug":"brazalete-elastico-multiusos-valento-atenas","status":"publish","type":"product","link":"https:\/\/grupotextil.es\/en\/product\/brazalete-elastico-multiusos-valento-atenas\/","title":{"rendered":"Brazalete el\u00e1stico multiusos VALENTO ATENAS"},"content":{"rendered":"<div class=\"product-description\">\n<div class=\"article_characteristics\">\n<ul style=\"margin-block-start: 0;\" >\n<li><b>Brazalete el\u00e1stico<\/b> multiusos.<\/li>\n<li>Confeccionado con cinta el\u00e1stica textil.<\/li>\n<li>Cierre de velcro que se adapta c\u00f3modamente.<\/li>\n<li>Incluye goma el\u00e1stica para una mejor sujeci\u00f3n interior.<\/li>\n<li>M\u00e9todos id\u00f3neos de marcaje: bordados, cosidos.<\/li>\n<li>Ideal como <b>brazalete deportivo<\/b> y diferentes usos.<\/li>\n<\/ul><\/div>\n<\/div>\n<div class=\"product-pdf\">\n<p><a href=\"https:\/\/valento.es\/?service=ServeDocuments&amp;function=serve_datasheet&amp;article_ref=PUVAATE\" target=\"_blank\" rel=\"noopener\">Descargar ficha t\u00e9cnica (PDF)<\/a><\/p>\n<\/div>","protected":false},"excerpt":{"rendered":"<p>Brazalete el\u00e1stico multiusos VALENTO ATENAS de Valento. Disponible en la categor\u00eda Accesorios. Env\u00edo r\u00e1pido 24\/48h.<\/p>","protected":false},"featured_media":293400,"comment_status":"open","ping_status":"closed","template":"","meta":{"_acf_changed":false},"product_brand":[11282],"product_cat":[13974,13975],"product_tag":[],"class_list":{"0":"post-293399","1":"product","2":"type-product","3":"status-publish","4":"has-post-thumbnail","6":"product_brand-valento","7":"product_cat-ropa-hombre","8":"product_cat-ropa-mujer","9":"tm-no-options","11":"first","12":"instock","13":"taxable","14":"shipping-taxable","15":"product-type-variable"},"acf":[],"_links":{"self":[{"href":"https:\/\/grupotextil.es\/en\/wp-json\/wp\/v2\/product\/293399","targetHints":{"allow":["GET"]}}],"collection":[{"href":"https:\/\/grupotextil.es\/en\/wp-json\/wp\/v2\/product"}],"about":[{"href":"https:\/\/grupotextil.es\/en\/wp-json\/wp\/v2\/types\/product"}],"replies":[{"embeddable":true,"href":"https:\/\/grupotextil.es\/en\/wp-json\/wp\/v2\/comments?post=293399"}],"wp:featuredmedia":[{"embeddable":true,"href":"https:\/\/grupotextil.es\/en\/wp-json\/wp\/v2\/media\/293400"}],"wp:attachment":[{"href":"https:\/\/grupotextil.es\/en\/wp-json\/wp\/v2\/media?parent=293399"}],"wp:term":[{"taxonomy":"product_brand","embeddable":true,"href":"https:\/\/grupotextil.es\/en\/wp-json\/wp\/v2\/product_brand?post=293399"},{"taxonomy":"product_cat","embeddable":true,"href":"https:\/\/grupotextil.es\/en\/wp-json\/wp\/v2\/product_cat?post=293399"},{"taxonomy":"product_tag","embeddable":true,"href":"https:\/\/grupotextil.es\/en\/wp-json\/wp\/v2\/product_tag?post=293399"}],"curies":[{"name":"wp","href":"https:\/\/api.w.org\/{rel}","templated":true}]}}