{"id":294006,"date":"2026-03-06T01:28:07","date_gmt":"2026-03-06T01:28:07","guid":{"rendered":"https:\/\/grupotextil.es\/?post_type=product&#038;p=294006"},"modified":"2026-03-06T01:28:07","modified_gmt":"2026-03-06T01:28:07","slug":"bermuda-de-trabajo-multibolsillos-valento-desert","status":"publish","type":"product","link":"https:\/\/grupotextil.es\/en\/product\/bermuda-de-trabajo-multibolsillos-valento-desert\/","title":{"rendered":"Bermuda de trabajo multibolsillos VALENTO DESERT"},"content":{"rendered":"<div class=\"product-description\">\n<div class=\"article_characteristics\">\n<ul style=\"margin-block-start: 0;\" >\n<li><b>Bermuda de trabajo<\/b> <b>multibolsillos<\/b>.<\/li>\n<li>Confeccionada en tejido sarga mezcla algod\u00f3n con poli\u00e9ster resistente y duradero.<\/li>\n<li>Cintura con la mitad trasera el\u00e1stica y pinzas en la parte delantera para un mejor ajuste y mayor comodidad.<\/li>\n<li>Dos bolsillos oblicuos en las caderas, dos bolsillos laterales con cierre de tapeta con velcro y un bolsillo trasero derecho para tener todo accesible y disponible.<\/li>\n<li>Costuras principales dobles y puntos de mayor tracci\u00f3n, reforzados con presillas de seguridad que aportan durabilidad y resistencia.<\/li>\n<li>M\u00e9todos id\u00f3neos de marcaje: serigraf\u00eda, transfer, vinilo, bordados, cosidos.<\/li>\n<li>Ideal como <b>ropa laboral<\/b> y <b>uniformes de verano<\/b>.<\/li>\n<\/ul><\/div>\n<\/div>\n<div class=\"product-pdf\">\n<p><a href=\"https:\/\/valento.es\/?service=ServeDocuments&amp;function=serve_datasheet&amp;article_ref=BEVADES\" target=\"_blank\" rel=\"noopener\">Descargar ficha t\u00e9cnica (PDF)<\/a><\/p>\n<\/div>","protected":false},"excerpt":{"rendered":"<p>Bermuda de trabajo multibolsillos VALENTO DESERT de Valento. Disponible en la categor\u00eda Bermudas. Env\u00edo r\u00e1pido 24\/48h.<\/p>","protected":false},"featured_media":294007,"comment_status":"open","ping_status":"closed","template":"","meta":{"_acf_changed":false},"product_brand":[11282],"product_cat":[13984,13993,13974,13975,13973],"product_tag":[],"class_list":{"0":"post-294006","1":"product","2":"type-product","3":"status-publish","4":"has-post-thumbnail","6":"product_brand-valento","7":"product_cat-h-bermudas","8":"product_cat-m-bermudas","9":"product_cat-ropa-hombre","10":"product_cat-ropa-mujer","11":"product_cat-ropa","12":"tm-no-options","14":"first","15":"instock","16":"taxable","17":"shipping-taxable","18":"product-type-variable"},"acf":[],"_links":{"self":[{"href":"https:\/\/grupotextil.es\/en\/wp-json\/wp\/v2\/product\/294006","targetHints":{"allow":["GET"]}}],"collection":[{"href":"https:\/\/grupotextil.es\/en\/wp-json\/wp\/v2\/product"}],"about":[{"href":"https:\/\/grupotextil.es\/en\/wp-json\/wp\/v2\/types\/product"}],"replies":[{"embeddable":true,"href":"https:\/\/grupotextil.es\/en\/wp-json\/wp\/v2\/comments?post=294006"}],"wp:featuredmedia":[{"embeddable":true,"href":"https:\/\/grupotextil.es\/en\/wp-json\/wp\/v2\/media\/294007"}],"wp:attachment":[{"href":"https:\/\/grupotextil.es\/en\/wp-json\/wp\/v2\/media?parent=294006"}],"wp:term":[{"taxonomy":"product_brand","embeddable":true,"href":"https:\/\/grupotextil.es\/en\/wp-json\/wp\/v2\/product_brand?post=294006"},{"taxonomy":"product_cat","embeddable":true,"href":"https:\/\/grupotextil.es\/en\/wp-json\/wp\/v2\/product_cat?post=294006"},{"taxonomy":"product_tag","embeddable":true,"href":"https:\/\/grupotextil.es\/en\/wp-json\/wp\/v2\/product_tag?post=294006"}],"curies":[{"name":"wp","href":"https:\/\/api.w.org\/{rel}","templated":true}]}}