{"id":294581,"date":"2026-03-06T01:28:12","date_gmt":"2026-03-06T01:28:12","guid":{"rendered":"https:\/\/grupotextil.es\/?post_type=product&#038;p=294581"},"modified":"2026-03-06T01:28:12","modified_gmt":"2026-03-06T01:28:12","slug":"bermuda-trekking-o-uniformes-de-verano-valento-quebec","status":"publish","type":"product","link":"https:\/\/grupotextil.es\/en\/product\/bermuda-trekking-o-uniformes-de-verano-valento-quebec\/","title":{"rendered":"Bermuda trekking o uniformes de verano VALENTO QUEBEC"},"content":{"rendered":"<div class=\"product-description\">\n<div class=\"article_characteristics\">\n<ul style=\"margin-block-start: 0;\" >\n<li><b>Bermuda<\/b> <b>multibolsillos<\/b> <b>bicolor<\/b>.<\/li>\n<li>Confeccionada en tejido ligero <b>bi-el\u00e1stico<\/b> Rip-Stop con acabado hidro-repelente y de <b>secado r\u00e1pido<\/b>, muy c\u00f3modo y fresco.<\/li>\n<li>Parte trasera en color a contraste (excepto azul marino).<\/li>\n<li>Cintura con goma el\u00e1stica en los laterales para mejor ajuste y mayor comodidad.<\/li>\n<li>Seis bolsillos: dos verticales en caderas, dos laterales y dos traseros, todos con cierre de cremallera y vivo, para tener todo accesible y disponible.<\/li>\n<li>M\u00e9todos id\u00f3neos de marcaje: serigraf\u00eda, transfer, vinilo, bordados, cosidos.<\/li>\n<li>Ideal como <b>ropa laboral<\/b>, <b>uniformes de verano<\/b> y como <b>bermuda<\/b> para <b>trekking<\/b> y actividades en la naturaleza.<\/li>\n<\/ul><\/div>\n<\/div>\n<div class=\"product-pdf\">\n<p><a href=\"https:\/\/valento.es\/?service=ServeDocuments&amp;function=serve_datasheet&amp;article_ref=BEVAQUE\" target=\"_blank\" rel=\"noopener\">Descargar ficha t\u00e9cnica (PDF)<\/a><\/p>\n<\/div>","protected":false},"excerpt":{"rendered":"<p>Bermuda trekking o uniformes de verano VALENTO QUEBEC de Valento. Disponible en la categor\u00eda Bermudas. Env\u00edo r\u00e1pido 24\/48h.<\/p>","protected":false},"featured_media":294582,"comment_status":"open","ping_status":"closed","template":"","meta":{"_acf_changed":false},"product_brand":[11282],"product_cat":[13993,13984,13974,13975,13973],"product_tag":[],"class_list":{"0":"post-294581","1":"product","2":"type-product","3":"status-publish","4":"has-post-thumbnail","6":"product_brand-valento","7":"product_cat-m-bermudas","8":"product_cat-h-bermudas","9":"product_cat-ropa-hombre","10":"product_cat-ropa-mujer","11":"product_cat-ropa","12":"tm-no-options","14":"first","15":"instock","16":"taxable","17":"shipping-taxable","18":"product-type-variable"},"acf":[],"_links":{"self":[{"href":"https:\/\/grupotextil.es\/en\/wp-json\/wp\/v2\/product\/294581","targetHints":{"allow":["GET"]}}],"collection":[{"href":"https:\/\/grupotextil.es\/en\/wp-json\/wp\/v2\/product"}],"about":[{"href":"https:\/\/grupotextil.es\/en\/wp-json\/wp\/v2\/types\/product"}],"replies":[{"embeddable":true,"href":"https:\/\/grupotextil.es\/en\/wp-json\/wp\/v2\/comments?post=294581"}],"wp:featuredmedia":[{"embeddable":true,"href":"https:\/\/grupotextil.es\/en\/wp-json\/wp\/v2\/media\/294582"}],"wp:attachment":[{"href":"https:\/\/grupotextil.es\/en\/wp-json\/wp\/v2\/media?parent=294581"}],"wp:term":[{"taxonomy":"product_brand","embeddable":true,"href":"https:\/\/grupotextil.es\/en\/wp-json\/wp\/v2\/product_brand?post=294581"},{"taxonomy":"product_cat","embeddable":true,"href":"https:\/\/grupotextil.es\/en\/wp-json\/wp\/v2\/product_cat?post=294581"},{"taxonomy":"product_tag","embeddable":true,"href":"https:\/\/grupotextil.es\/en\/wp-json\/wp\/v2\/product_tag?post=294581"}],"curies":[{"name":"wp","href":"https:\/\/api.w.org\/{rel}","templated":true}]}}