{"id":294866,"date":"2026-03-06T01:28:22","date_gmt":"2026-03-06T01:28:22","guid":{"rendered":"https:\/\/grupotextil.es\/?post_type=product&#038;p=294866"},"modified":"2026-03-06T01:28:22","modified_gmt":"2026-03-06T01:28:22","slug":"cartulina-para-plegar-y-embolsar-prendas-valento-taboa","status":"publish","type":"product","link":"https:\/\/grupotextil.es\/en\/product\/cartulina-para-plegar-y-embolsar-prendas-valento-taboa\/","title":{"rendered":"Cartulina para plegar y embolsar prendas VALENTO TABOA"},"content":{"rendered":"<div class=\"product-description\">\n<div class=\"article_characteristics\">\n<ul style=\"margin-block-start: 0;\" >\n<li>Cartulina de plegar rectangular.<\/li>\n<li>Fabricada en papel reciclado.<\/li>\n<li>Se vende en paquetes completos salvo pedidos de muestras.<\/li>\n<li>Ideal para plegar y embolsar prendas ofreciendo una mejor presentaci\u00f3n.<\/li>\n<\/ul><\/div>\n<\/div>\n<div class=\"product-pdf\">\n<p><a href=\"https:\/\/valento.es\/?service=ServeDocuments&amp;function=serve_datasheet&amp;article_ref=CPVATAB\" target=\"_blank\" rel=\"noopener\">Descargar ficha t\u00e9cnica (PDF)<\/a><\/p>\n<\/div>","protected":false},"excerpt":{"rendered":"<p>Cartulina para plegar y embolsar prendas VALENTO TABOA de Valento. Disponible en la categor\u00eda Bolsas De Plastico. Env\u00edo r\u00e1pido 24\/48h.<\/p>","protected":false},"featured_media":294867,"comment_status":"open","ping_status":"closed","template":"","meta":{"_acf_changed":false},"product_brand":[11282],"product_cat":[13974,13975],"product_tag":[],"class_list":{"0":"post-294866","1":"product","2":"type-product","3":"status-publish","4":"has-post-thumbnail","6":"product_brand-valento","7":"product_cat-ropa-hombre","8":"product_cat-ropa-mujer","9":"tm-no-options","11":"first","12":"instock","13":"taxable","14":"shipping-taxable","15":"product-type-variable"},"acf":[],"_links":{"self":[{"href":"https:\/\/grupotextil.es\/en\/wp-json\/wp\/v2\/product\/294866","targetHints":{"allow":["GET"]}}],"collection":[{"href":"https:\/\/grupotextil.es\/en\/wp-json\/wp\/v2\/product"}],"about":[{"href":"https:\/\/grupotextil.es\/en\/wp-json\/wp\/v2\/types\/product"}],"replies":[{"embeddable":true,"href":"https:\/\/grupotextil.es\/en\/wp-json\/wp\/v2\/comments?post=294866"}],"wp:featuredmedia":[{"embeddable":true,"href":"https:\/\/grupotextil.es\/en\/wp-json\/wp\/v2\/media\/294867"}],"wp:attachment":[{"href":"https:\/\/grupotextil.es\/en\/wp-json\/wp\/v2\/media?parent=294866"}],"wp:term":[{"taxonomy":"product_brand","embeddable":true,"href":"https:\/\/grupotextil.es\/en\/wp-json\/wp\/v2\/product_brand?post=294866"},{"taxonomy":"product_cat","embeddable":true,"href":"https:\/\/grupotextil.es\/en\/wp-json\/wp\/v2\/product_cat?post=294866"},{"taxonomy":"product_tag","embeddable":true,"href":"https:\/\/grupotextil.es\/en\/wp-json\/wp\/v2\/product_tag?post=294866"}],"curies":[{"name":"wp","href":"https:\/\/api.w.org\/{rel}","templated":true}]}}