{"id":295201,"date":"2026-03-06T01:28:39","date_gmt":"2026-03-06T01:28:39","guid":{"rendered":"https:\/\/grupotextil.es\/?post_type=product&#038;p=295201"},"modified":"2026-03-06T01:28:39","modified_gmt":"2026-03-06T01:28:39","slug":"bolsa-multiusos-con-cremallera-valento-tour","status":"publish","type":"product","link":"https:\/\/grupotextil.es\/en\/product\/bolsa-multiusos-con-cremallera-valento-tour\/","title":{"rendered":"Bolsa multiusos con cremallera VALENTO TOUR"},"content":{"rendered":"<div class=\"product-description\">\n<div class=\"article_characteristics\">\n<ul style=\"margin-block-start: 0;\" >\n<li><b>Bolsa<\/b> <b>con cremallera<\/b>.<\/li>\n<li>Confeccionada en <b>tejido impermeable<\/b> resistente y duradero.<\/li>\n<li>Costuras interiores sobrehiladas que aumentan su resistencia.<\/li>\n<li>Cierre de cremallera para mantener todo guardado.<\/li>\n<li>Capacidad aproximada de 0,8 litros en el tama\u00f1o peque\u00f1o, 1,2 litros en el tama\u00f1o mediano, 2 litros en el tama\u00f1o grande y 3 litros en el tama\u00f1o extragrande.<\/li>\n<li>M\u00e9todos id\u00f3neos de marcaje: serigraf\u00eda, transfer.<\/li>\n<li>Ideal para guardar peque\u00f1os objetos dentro de una <b>bolsa<\/b> o mochila m\u00e1s grande, <b>regalo promocional<\/b> y <b>regalo personalizado<\/b>.<\/li>\n<\/ul><\/div>\n<\/div>\n<div class=\"product-pdf\">\n<p><a href=\"https:\/\/valento.es\/?service=ServeDocuments&amp;function=serve_datasheet&amp;article_ref=BOVATOU\" target=\"_blank\" rel=\"noopener\">Descargar ficha t\u00e9cnica (PDF)<\/a><\/p>\n<\/div>","protected":false},"excerpt":{"rendered":"<p>Bolsa multiusos con cremallera VALENTO TOUR de Valento. Disponible en la categor\u00eda Bolsas Y Bolsos. Env\u00edo r\u00e1pido 24\/48h.<\/p>","protected":false},"featured_media":295202,"comment_status":"open","ping_status":"closed","template":"","meta":{"_acf_changed":false},"product_brand":[11282],"product_cat":[13974,13975],"product_tag":[],"class_list":{"0":"post-295201","1":"product","2":"type-product","3":"status-publish","4":"has-post-thumbnail","6":"product_brand-valento","7":"product_cat-ropa-hombre","8":"product_cat-ropa-mujer","9":"tm-no-options","11":"first","12":"instock","13":"taxable","14":"shipping-taxable","15":"product-type-variable"},"acf":[],"_links":{"self":[{"href":"https:\/\/grupotextil.es\/en\/wp-json\/wp\/v2\/product\/295201","targetHints":{"allow":["GET"]}}],"collection":[{"href":"https:\/\/grupotextil.es\/en\/wp-json\/wp\/v2\/product"}],"about":[{"href":"https:\/\/grupotextil.es\/en\/wp-json\/wp\/v2\/types\/product"}],"replies":[{"embeddable":true,"href":"https:\/\/grupotextil.es\/en\/wp-json\/wp\/v2\/comments?post=295201"}],"wp:featuredmedia":[{"embeddable":true,"href":"https:\/\/grupotextil.es\/en\/wp-json\/wp\/v2\/media\/295202"}],"wp:attachment":[{"href":"https:\/\/grupotextil.es\/en\/wp-json\/wp\/v2\/media?parent=295201"}],"wp:term":[{"taxonomy":"product_brand","embeddable":true,"href":"https:\/\/grupotextil.es\/en\/wp-json\/wp\/v2\/product_brand?post=295201"},{"taxonomy":"product_cat","embeddable":true,"href":"https:\/\/grupotextil.es\/en\/wp-json\/wp\/v2\/product_cat?post=295201"},{"taxonomy":"product_tag","embeddable":true,"href":"https:\/\/grupotextil.es\/en\/wp-json\/wp\/v2\/product_tag?post=295201"}],"curies":[{"name":"wp","href":"https:\/\/api.w.org\/{rel}","templated":true}]}}