{"id":295421,"date":"2026-03-06T01:29:00","date_gmt":"2026-03-06T01:29:00","guid":{"rendered":"https:\/\/grupotextil.es\/?post_type=product&#038;p=295421"},"modified":"2026-03-06T01:29:00","modified_gmt":"2026-03-06T01:29:00","slug":"braga-de-cuello-y-gorro-polar-valento-alpine","status":"publish","type":"product","link":"https:\/\/grupotextil.es\/en\/product\/braga-de-cuello-y-gorro-polar-valento-alpine\/","title":{"rendered":"Braga de cuello y gorro polar VALENTO ALPINE"},"content":{"rendered":"<div class=\"product-description\">\n<div class=\"article_characteristics\">\n<ul style=\"margin-block-start: 0;\" >\n<li><b>Braga de cuello<\/b> y <b>gorro<\/b> <b>polar<\/b>.<\/li>\n<li>Confeccionada en tejido <b>polar<\/b> para mayor retenci\u00f3n t\u00e9rmica y <b>anti-pilling<\/b> para un mejor acabado.<\/li>\n<li>Uno de los extremos con cord\u00f3n regulador y freno para mejor ajuste y confort.<\/li>\n<li>Se puede llevar en el cuello o como <b>gorro<\/b> ajustando el cord\u00f3n.<\/li>\n<li>Extremos con dobladillo y doble costura que aumenta su resistencia.<\/li>\n<li>M\u00e9todos id\u00f3neos de marcaje: bordados, cosidos.<\/li>\n<li>Ideal como <b>textil promocional<\/b> y como complemento de abrigo de <b>ropa deportiva<\/b>, <b>ropa laboral<\/b> y <b>uniformes de trabajo<\/b>.<\/li>\n<\/ul><\/div>\n<\/div>\n<div class=\"product-pdf\">\n<p><a href=\"https:\/\/valento.es\/?service=ServeDocuments&amp;function=serve_datasheet&amp;article_ref=PRVAPOL\" target=\"_blank\" rel=\"noopener\">Descargar ficha t\u00e9cnica (PDF)<\/a><\/p>\n<\/div>","protected":false},"excerpt":{"rendered":"<p>Braga de cuello y gorro polar VALENTO ALPINE de Valento. Disponible en la categor\u00eda Bragas De Cuello Y Bufandas. Env\u00edo r\u00e1pido 24\/48h.<\/p>","protected":false},"featured_media":295422,"comment_status":"open","ping_status":"closed","template":"","meta":{"_acf_changed":false},"product_brand":[11282],"product_cat":[13974,13975],"product_tag":[],"class_list":{"0":"post-295421","1":"product","2":"type-product","3":"status-publish","4":"has-post-thumbnail","6":"product_brand-valento","7":"product_cat-ropa-hombre","8":"product_cat-ropa-mujer","9":"tm-no-options","11":"first","12":"instock","13":"taxable","14":"shipping-taxable","15":"product-type-variable"},"acf":[],"_links":{"self":[{"href":"https:\/\/grupotextil.es\/en\/wp-json\/wp\/v2\/product\/295421","targetHints":{"allow":["GET"]}}],"collection":[{"href":"https:\/\/grupotextil.es\/en\/wp-json\/wp\/v2\/product"}],"about":[{"href":"https:\/\/grupotextil.es\/en\/wp-json\/wp\/v2\/types\/product"}],"replies":[{"embeddable":true,"href":"https:\/\/grupotextil.es\/en\/wp-json\/wp\/v2\/comments?post=295421"}],"wp:featuredmedia":[{"embeddable":true,"href":"https:\/\/grupotextil.es\/en\/wp-json\/wp\/v2\/media\/295422"}],"wp:attachment":[{"href":"https:\/\/grupotextil.es\/en\/wp-json\/wp\/v2\/media?parent=295421"}],"wp:term":[{"taxonomy":"product_brand","embeddable":true,"href":"https:\/\/grupotextil.es\/en\/wp-json\/wp\/v2\/product_brand?post=295421"},{"taxonomy":"product_cat","embeddable":true,"href":"https:\/\/grupotextil.es\/en\/wp-json\/wp\/v2\/product_cat?post=295421"},{"taxonomy":"product_tag","embeddable":true,"href":"https:\/\/grupotextil.es\/en\/wp-json\/wp\/v2\/product_tag?post=295421"}],"curies":[{"name":"wp","href":"https:\/\/api.w.org\/{rel}","templated":true}]}}